{"id":12126,"date":"2019-02-25T20:52:24","date_gmt":"2019-02-25T20:52:24","guid":{"rendered":"https:\/\/10.240.8.148\/web\/?page_id=12126"},"modified":"2025-12-30T08:10:04","modified_gmt":"2025-12-30T13:10:04","slug":"algo-de-nosotros","status":"publish","type":"page","link":"https:\/\/movilidad.rionegro.gov.co\/web\/algo-de-nosotros\/","title":{"rendered":"Algo de nosotros"},"content":{"rendered":"<p>[vc_row full_width=&#8221;stretch_row_content_no_spaces&#8221; equal_height=&#8221;yes&#8221;][vc_column offset=&#8221;vc_col-lg-offset-2 vc_col-lg-8 vc_col-md-offset-1 vc_col-md-10&#8243;][vc_empty_space height=&#8221;80px&#8221;][vc_column_text css_animation=&#8221;bottom-to-top&#8221;]<\/p>\n<h5 style=\"color: #e62b4c; text-align: center;\">Nuestra visi\u00f3n<\/h5>\n<p>[\/vc_column_text][vc_column_text css_animation=&#8221;bottom-to-top&#8221;]<\/p>\n<h3 style=\"text-align: center;\">Construimos el futuro de nuestro Municipio, d\u00eda a d\u00eda.<\/h3>\n<p>[\/vc_column_text][vc_column_text css_animation=&#8221;bottom-to-top&#8221;]<\/p>\n<p style=\"font-size: 19px; text-align: center;\">Prevenir, controlar y solucionar las distintas necesidades de la comunidad en materia de movilidad, transporte y tr\u00e1nsito, mediante el cumplimiento de los lineamientos establecidos en la normatividad legal y vigente, en equilibrio con la movilidad sostenible, la accesibilidad y la seguridad vial, y fomentando la cultura vial ciudadana en armon\u00eda con el medio ambiente, para el desarrollo del municipio.<\/p>\n<p>[\/vc_column_text][vc_empty_space height=&#8221;40px&#8221;][\/vc_column][vc_column][\/vc_column][\/vc_row][vc_row full_width=&#8221;stretch_row_content_no_spaces&#8221; full_height=&#8221;yes&#8221; equal_height=&#8221;yes&#8221; content_placement=&#8221;middle&#8221; css=&#8221;.vc_custom_1556041867510{background-color: #f7f7f7 !important;}&#8221;][vc_column width=&#8221;1\/3&#8243; css=&#8221;.vc_custom_1556041918654{background-image: url(https:\/\/10.240.8.148\/web\/wp-content\/uploads\/2019\/04\/agente-1.jpg?id=12861) !important;background-position: center !important;background-repeat: no-repeat !important;background-size: cover !important;}&#8221;][vc_single_image image=&#8221;12861&#8243; img_size=&#8221;full&#8221;][\/vc_column][vc_column width=&#8221;2\/3&#8243; css=&#8221;.vc_custom_1556040632523{padding-right: 10% !important;padding-left: 10% !important;}&#8221;][vc_empty_space height=&#8221;40px&#8221;][vc_column_text css_animation=&#8221;bottom-to-top&#8221; css=&#8221;.vc_custom_1767100125452{margin-bottom: 15px !important;}&#8221;]<\/p>\n<h3><\/h3>\n<h3>Alcance de la Secretar\u00eda de Movilidad<\/h3>\n<p>[\/vc_column_text][vc_separator color=&#8221;custom&#8221; align=&#8221;align_left&#8221; border_width=&#8221;2&#8243; el_width=&#8221;10&#8243; accent_color=&#8221;#e62a4b&#8221;][vc_column_text css_animation=&#8221;bottom-to-top&#8221;]<\/p>\n<h5 style=\"color: #aaa!important; font-weight: 400; font-size: 22px; line-height: 1.5;\">Inicia con actividades de vigilancia y control, dando aplicaci\u00f3n a las normas de tr\u00e1nsito y transporte hasta la declaratoria de responsabilidad y cobro coactivo; contin\u00faa con el fomento de la seguridad vial, revisi\u00f3n y aprobaci\u00f3n de tr\u00e1mites, y finaliza con el archivo y custodia del expediente. A continuaci\u00f3n, encontrar\u00e1 los ejes estrat\u00e9gicos presentes en nuestra labor:<\/h5>\n<p>[\/vc_column_text][vc_separator color=&#8221;custom&#8221; align=&#8221;align_left&#8221; border_width=&#8221;2&#8243; accent_color=&#8221;#eeeeee&#8221; css=&#8221;.vc_custom_1556040329548{padding-top: 5px !important;}&#8221;][vc_row_inner][vc_column_inner width=&#8221;1\/2&#8243;]<div class=\"aio-icon-component    style_1\"><div id=\"Info-box-wrap-9995\" class=\"aio-icon-box left-icon\" style=\"\"  ><div class=\"aio-icon-left\"><div class=\"ult-just-icon-wrapper  \"><div class=\"align-icon\" style=\"text-align:center;\">\n<div class=\"aio-icon none \"  style=\"font-size:36px;display:inline-block;\">\n\t<i class=\"elegant-icon-basic_pencil_ruler_pen\"><\/i>\n<\/div><\/div><\/div><\/div><div class=\"aio-ibd-block\"><div class=\"aio-icon-header\" ><h3 class=\"aio-icon-title ult-responsive\"  data-ultimate-target='#Info-box-wrap-9995 .aio-icon-title'  data-responsive-json-new='{\"font-size\":\"\",\"line-height\":\"\"}'  style=\"\">Ciudadanos<\/h3><\/div> <!-- header --><div class=\"aio-icon-description ult-responsive\"  data-ultimate-target='#Info-box-wrap-9995 .aio-icon-description'  data-responsive-json-new='{\"font-size\":\"\",\"line-height\":\"\"}'  style=\"\">\u00a1Protegemos la vida de los ciudadanos y velamos por el retorno seguro a sus destinos! Por eso, fomentamos la educaci\u00f3n y cultura vial a trav\u00e9s de diversas actividades.<\/div> <!-- description --><\/div> <!-- aio-ibd-block --><\/div> <!-- aio-icon-box --><\/div> <!-- aio-icon-component --><div class=\"aio-icon-component    style_1\"><div id=\"Info-box-wrap-1216\" class=\"aio-icon-box left-icon\" style=\"\"  ><div class=\"aio-icon-left\"><div class=\"ult-just-icon-wrapper  \"><div class=\"align-icon\" style=\"text-align:center;\">\n<div class=\"aio-icon none \"  style=\"font-size:36px;display:inline-block;\">\n\t<i class=\"elegant-icon-software_layout_header_complex\"><\/i>\n<\/div><\/div><\/div><\/div><div class=\"aio-ibd-block\"><div class=\"aio-icon-header\" ><h3 class=\"aio-icon-title ult-responsive\"  data-ultimate-target='#Info-box-wrap-1216 .aio-icon-title'  data-responsive-json-new='{\"font-size\":\"\",\"line-height\":\"\"}'  style=\"\">Usuarios<\/h3><\/div> <!-- header --><div class=\"aio-icon-description ult-responsive\"  data-ultimate-target='#Info-box-wrap-1216 .aio-icon-description'  data-responsive-json-new='{\"font-size\":\"\",\"line-height\":\"\"}'  style=\"\">Brindamos a nuestros usuarios una experiencia de servicio c\u00f3moda, \u00e1gil y amable. Para lograrlo ofrecemos una mayor cobertura y optimizamos nuestros servicios.<\/div> <!-- description --><\/div> <!-- aio-ibd-block --><\/div> <!-- aio-icon-box --><\/div> <!-- aio-icon-component --><div class=\"aio-icon-component    style_1\"><div id=\"Info-box-wrap-3076\" class=\"aio-icon-box left-icon\" style=\"\"  ><div class=\"aio-icon-left\"><div class=\"ult-just-icon-wrapper  \"><div class=\"align-icon\" style=\"text-align:center;\">\n<div class=\"aio-icon none \"  style=\"font-size:36px;display:inline-block;\">\n\t<i class=\"elegant-icon-software_layout_header_complex\"><\/i>\n<\/div><\/div><\/div><\/div><div class=\"aio-ibd-block\"><div class=\"aio-icon-header\" ><h3 class=\"aio-icon-title ult-responsive\"  data-ultimate-target='#Info-box-wrap-3076 .aio-icon-title'  data-responsive-json-new='{\"font-size\":\"\",\"line-height\":\"\"}'  style=\"\">Gobierno<\/h3><\/div> <!-- header --><div class=\"aio-icon-description ult-responsive\"  data-ultimate-target='#Info-box-wrap-3076 .aio-icon-description'  data-responsive-json-new='{\"font-size\":\"\",\"line-height\":\"\"}'  style=\"\">Regulamos el sector de tr\u00e1nsito y transporte del Municipio de Rionegro y estamos comprometidos con el mejoramiento continuo de la regi\u00f3n.<\/div> <!-- description --><\/div> <!-- aio-ibd-block --><\/div> <!-- aio-icon-box --><\/div> <!-- aio-icon-component --><div class=\"aio-icon-component    style_1\"><div id=\"Info-box-wrap-1248\" class=\"aio-icon-box left-icon\" style=\"\"  ><div class=\"aio-icon-left\"><div class=\"ult-just-icon-wrapper  \"><div class=\"align-icon\" style=\"text-align:center;\">\n<div class=\"aio-icon none \"  style=\"font-size:36px;display:inline-block;\">\n\t<i class=\"elegant-icon-software_layout_header_complex\"><\/i>\n<\/div><\/div><\/div><\/div><div class=\"aio-ibd-block\"><div class=\"aio-icon-header\" ><h3 class=\"aio-icon-title ult-responsive\"  data-ultimate-target='#Info-box-wrap-1248 .aio-icon-title'  data-responsive-json-new='{\"font-size\":\"\",\"line-height\":\"\"}'  style=\"\">Ciclistas<\/h3><\/div> <!-- header --><div class=\"aio-icon-description ult-responsive\"  data-ultimate-target='#Info-box-wrap-1248 .aio-icon-description'  data-responsive-json-new='{\"font-size\":\"\",\"line-height\":\"\"}'  style=\"\">Apoyamos el ciclismo, al ser un medio de transporte alternativo m\u00e1s amable y sostenible con el medio ambiente y un m\u00e9todo de movilidad que garantiza una vida sana y promueve el bienestar.<\/div> <!-- description --><\/div> <!-- aio-ibd-block --><\/div> <!-- aio-icon-box --><\/div> <!-- aio-icon-component -->[\/vc_column_inner][vc_column_inner width=&#8221;1\/2&#8243;][vc_empty_space][vc_empty_space]<div class=\"aio-icon-component    style_1\"><div id=\"Info-box-wrap-7964\" class=\"aio-icon-box left-icon\" style=\"\"  ><div class=\"aio-icon-left\"><div class=\"ult-just-icon-wrapper  \"><div class=\"align-icon\" style=\"text-align:center;\">\n<div class=\"aio-icon none \"  style=\"font-size:36px;display:inline-block;\">\n\t<i class=\"elegant-icon-basic_webpage\"><\/i>\n<\/div><\/div><\/div><\/div><div class=\"aio-ibd-block\"><div class=\"aio-icon-header\" ><h3 class=\"aio-icon-title ult-responsive\"  data-ultimate-target='#Info-box-wrap-7964 .aio-icon-title'  data-responsive-json-new='{\"font-size\":\"\",\"line-height\":\"\"}'  style=\"\">Colaboradores<\/h3><\/div> <!-- header --><div class=\"aio-icon-description ult-responsive\"  data-ultimate-target='#Info-box-wrap-7964 .aio-icon-description'  data-responsive-json-new='{\"font-size\":\"\",\"line-height\":\"\"}'  style=\"\">Contamos con un talento humano altamente competitivo y comprometido con brindar la mejor atenci\u00f3n al ciudadano.\u00a0 Por eso, buscamos garantizar su desarrollo humano y profesional a trav\u00e9s de diversas estrategias.<\/div> <!-- description --><\/div> <!-- aio-ibd-block --><\/div> <!-- aio-icon-box --><\/div> <!-- aio-icon-component --><div class=\"aio-icon-component    style_1\"><div id=\"Info-box-wrap-5429\" class=\"aio-icon-box left-icon\" style=\"\"  ><div class=\"aio-icon-left\"><div class=\"ult-just-icon-wrapper  \"><div class=\"align-icon\" style=\"text-align:center;\">\n<div class=\"aio-icon none \"  style=\"font-size:36px;display:inline-block;\">\n\t<i class=\"elegant-icon-ecommerce_bag_check\"><\/i>\n<\/div><\/div><\/div><\/div><div class=\"aio-ibd-block\"><div class=\"aio-icon-header\" ><h3 class=\"aio-icon-title ult-responsive\"  data-ultimate-target='#Info-box-wrap-5429 .aio-icon-title'  data-responsive-json-new='{\"font-size\":\"\",\"line-height\":\"\"}'  style=\"\">Proveedores<\/h3><\/div> <!-- header --><div class=\"aio-icon-description ult-responsive\"  data-ultimate-target='#Info-box-wrap-5429 .aio-icon-description'  data-responsive-json-new='{\"font-size\":\"\",\"line-height\":\"\"}'  style=\"\">Trabajamos para generar relaciones de confianza con todos nuestros proveedores y contrastistas, pues son nuestros grandes aliados para garantizar la sostenibilidad\u00a0 de nuestra operaci\u00f3n.<\/div> <!-- description --><\/div> <!-- aio-ibd-block --><\/div> <!-- aio-icon-box --><\/div> <!-- aio-icon-component --><div class=\"aio-icon-component    style_1\"><div id=\"Info-box-wrap-4891\" class=\"aio-icon-box left-icon\" style=\"\"  ><div class=\"aio-icon-left\"><div class=\"ult-just-icon-wrapper  \"><div class=\"align-icon\" style=\"text-align:center;\">\n<div class=\"aio-icon none \"  style=\"font-size:36px;display:inline-block;\">\n\t<i class=\"elegant-icon-ecommerce_bag_check\"><\/i>\n<\/div><\/div><\/div><\/div><div class=\"aio-ibd-block\"><div class=\"aio-icon-header\" ><h3 class=\"aio-icon-title ult-responsive\"  data-ultimate-target='#Info-box-wrap-4891 .aio-icon-title'  data-responsive-json-new='{\"font-size\":\"\",\"line-height\":\"\"}'  style=\"\">Transporte p\u00fablico<\/h3><\/div> <!-- header --><div class=\"aio-icon-description ult-responsive\"  data-ultimate-target='#Info-box-wrap-4891 .aio-icon-description'  data-responsive-json-new='{\"font-size\":\"\",\"line-height\":\"\"}'  style=\"\">Promovemos una excelente prestaci\u00f3n del servicio de transporte p\u00fablico y fomentamos un uso adecuado de este, a trav\u00e9s de una serie de h\u00e1bitos responsables para la construcci\u00f3n de una cultura ciudadana en torno a la movilidad.<\/div> <!-- description --><\/div> <!-- aio-ibd-block --><\/div> <!-- aio-icon-box --><\/div> <!-- aio-icon-component -->[\/vc_column_inner][\/vc_row_inner][\/vc_column][vc_column][\/vc_column][vc_column][\/vc_column][\/vc_row][vc_row full_height=&#8221;yes&#8221; content_placement=&#8221;middle&#8221; disable_element=&#8221;yes&#8221; bg_type=&#8221;image&#8221; parallax_style=&#8221;vcpb-vz-jquery&#8221; bg_image_new=&#8221;id^2071|url^https:\/\/10.240.8.148\/web\/wp-content\/uploads\/2016\/04\/map-dotted.png|caption^null|alt^null|title^map-dotted|description^null&#8221; bg_image_repeat=&#8221;no-repeat&#8221; css=&#8221;.vc_custom_1740587596807{padding-top: 40px !important;padding-bottom: 40px !important;background-color: #ffffff !important;}&#8221;][vc_column offset=&#8221;vc_col-md-6&#8243;][vc_empty_space height=&#8221;50px&#8221;][vc_column_text css_animation=&#8221;bottom-to-top&#8221;]<\/p>\n<h3 style=\"color: #e62b4c; font-weight: 400;\">La Direcci\u00f3n Operativa de Transportes y Tr\u00e1nsito del Municipio de Rionegro es la dependencia de la Secretar\u00eda de Gobierno.<\/h3>\n<p>[\/vc_column_text][vc_column_text css_animation=&#8221;bottom-to-top&#8221; css=&#8221;.vc_custom_1556031375055{margin-bottom: 0px !important;}&#8221;]<\/p>\n<p style=\"font-size: 17px;\">Est\u00e1 encargada de manejar todo lo relacionado con la actividad de transporte y con la regulaci\u00f3n de tr\u00e1nsito del Municipio. Por ello, tiene bajo su responsabilidad las funciones de planificaci\u00f3n de v\u00edas, regulaci\u00f3n de rutas, frecuencias y horarios de las empresas de transporte del Municipio, se\u00f1alizaci\u00f3n vial, prevenci\u00f3n de accidentalidad, educaci\u00f3n vial, control de infracciones en las v\u00edas, decisiones en materia de responsabilidad contravencional por infracciones a las normas de tr\u00e1nsito, entre otros.<\/p>\n<p>[\/vc_column_text][vc_empty_space][\/vc_column][vc_column offset=&#8221;vc_col-md-offset-1 vc_col-md-5&#8243;][vc_empty_space height=&#8221;70px&#8221;][vc_single_image image=&#8221;12853&#8243; img_size=&#8221;&#8221; alignment=&#8221;right&#8221; style=&#8221;vc_box_shadow&#8221; css_animation=&#8221;bottom-to-top&#8221;][vc_empty_space height=&#8221;50px&#8221;][\/vc_column][\/vc_row][vc_row full_width=&#8221;stretch_row&#8221; bg_type=&#8221;image&#8221; parallax_style=&#8221;vcpb-vz-jquery&#8221; bg_image_new=&#8221;id^12014|url^https:\/\/10.240.8.148\/web\/wp-content\/uploads\/2016\/04\/DSC_0573-min.jpg|caption^null|alt^null|title^DSC_0573-min|description^null&#8221; enable_overlay=&#8221;enable_overlay_value&#8221; overlay_color=&#8221;rgba(42,49,57,0.5)&#8221; css=&#8221;.vc_custom_1556042116192{margin-bottom: 0px !important;padding-top: 140px !important;padding-bottom: 130px !important;}&#8221;][vc_column][vc_row_inner css=&#8221;.vc_custom_1468321560255{margin-bottom: 0px !important;}&#8221;][vc_column_inner css=&#8221;.vc_custom_1468159505282{margin-bottom: 0px !important;}&#8221; offset=&#8221;vc_col-lg-offset-2 vc_col-lg-8 vc_col-md-offset-1 vc_col-md-10&#8243;][vc_column_text css_animation=&#8221;bottom-to-top&#8221; css=&#8221;.vc_custom_1683565385783{margin-bottom: 10px !important;}&#8221;]<\/p>\n<h5 style=\"color: #ffffff !important; text-align: center;\">\u00a1Rionegro avanza!<\/h5>\n<p>[\/vc_column_text][vc_separator color=&#8221;custom&#8221; border_width=&#8221;2&#8243; el_width=&#8221;10&#8243; accent_color=&#8221;#e62a4b&#8221; css=&#8221;.vc_custom_1556031090198{margin-top: 0px !important;margin-bottom: 0px !important;}&#8221;][vc_column_text css_animation=&#8221;bottom-to-top&#8221; css=&#8221;.vc_custom_1683565330428{margin-top: 15px !important;}&#8221;]<\/p>\n<h3 style=\"color: #ffffff!important; text-align: center;\">Satisfacemos las necesidades de la comunidad a trav\u00e9s del establecimiento de una gerencia participativa y un talento humano competente.<\/h3>\n<p>[\/vc_column_text][vc_column_text css_animation=&#8221;bottom-to-top&#8221;]<\/p>\n<p style=\"font-size: 18px; color: rgba(255,255,255,0.7); text-align: center;\">Adem\u00e1s de comprometernos con el mejoramiento continuo del Sistema integrado de Gesti\u00f3n, protegemos el medio ambiente y propendemos por el funcionamiento de la organizaci\u00f3n con base en criterios de eficiencia y eficacia.<\/p>\n<p>[\/vc_column_text][\/vc_column_inner][vc_column_inner][\/vc_column_inner][vc_column_inner][\/vc_column_inner][vc_column_inner][\/vc_column_inner][\/vc_row_inner][\/vc_column][\/vc_row][vc_row full_width=&#8221;stretch_row&#8221; css=&#8221;.vc_custom_1468324209500{margin-bottom: 0px !important;padding-bottom: 120px !important;background-color: #f7f7f7 !important;}&#8221;][vc_column][vc_empty_space height=&#8221;100px&#8221;][vc_row_inner css=&#8221;.vc_custom_1556033378523{margin-bottom: 0px !important;}&#8221;][vc_column_inner width=&#8221;5\/6&#8243; offset=&#8221;vc_col-lg-offset-3 vc_col-lg-6 vc_col-md-offset-2 vc_col-md-8 vc_col-sm-offset-1&#8243;][vc_column_text css_animation=&#8221;bottom-to-top&#8221;]<\/p>\n<h3 style=\"text-align: center;\">\u00a1Visite nuestras instalaciones!<\/h3>\n<p>[\/vc_column_text][vc_column_text css_animation=&#8221;bottom-to-top&#8221;]<\/p>\n<h4 style=\"color: #aaaaaa!important; font-weight: 400; line-height: 1.5; font-size: 24px; text-align: center;\">Si tiene alguna inquietud relacionada con tr\u00e1mites de movilidad y tr\u00e1nsito, puede dirigirse a nuestra sede en la\u00a0carrera 47 No. 62-50, Rionegro, Antioquia.<\/h4>\n<p>[\/vc_column_text]<div class=\" vc_custom_1558051545411 ubtn-ctn-center \"><a class=\"ubtn-link ult-adjust-bottom-margin ubtn-center ubtn-normal \" href=\"\/web\/contactenos\/\"><button type=\"button\" id=\"ubtn-5242\" class=\"ubtn ult-adjust-bottom-margin ult-responsive ubtn-normal ubtn-no-hover-bg  none  ubtn-center   tooltip-69dea80656a4e\"  data-hover=\"#ffffff\" data-border-color=\"\" data-bg=\"#e62a4b\" data-hover-bg=\"#8c1937\" data-border-hover=\"\" data-shadow-hover=\"\" data-shadow-click=\"none\" data-shadow=\"\" data-shd-shadow=\"\"  data-ultimate-target='#ubtn-5242'  data-responsive-json-new='{\"font-size\":\"\",\"line-height\":\"\"}'  style=\"font-weight:bold;border:none;background: #e62a4b;color: #ffffff;\"><span class=\"ubtn-hover\" style=\"background-color:#8c1937\"><\/span><span class=\"ubtn-data ubtn-text \" >Conozca otras formas de contactarnos, aqu\u00ed.<\/span><\/button><\/a><\/div>[\/vc_column_inner][\/vc_row_inner][\/vc_column][\/vc_row]<\/p>\n","protected":false},"excerpt":{"rendered":"<p>[vc_row full_width=&#8221;stretch_row_content_no_spaces&#8221; equal_height=&#8221;yes&#8221;][vc_column offset=&#8221;vc_col-lg-offset-2 vc_col-lg-8 vc_col-md-offset-1 vc_col-md-10&#8243;][vc_empty_space height=&#8221;80px&#8221;][vc_column_text css_animation=&#8221;bottom-to-top&#8221;] Nuestra visi\u00f3n [\/vc_column_text][vc_column_text css_animation=&#8221;bottom-to-top&#8221;] Construimos el futuro de nuestro Municipio, d\u00eda a d\u00eda. [\/vc_column_text][vc_column_text css_animation=&#8221;bottom-to-top&#8221;] Prevenir, controlar y solucionar las distintas&#8230;<\/p>\n","protected":false},"author":4,"featured_media":0,"parent":0,"menu_order":0,"comment_status":"closed","ping_status":"closed","template":"","meta":{"pgc_meta":""},"pgc_meta":"","_links":{"self":[{"href":"https:\/\/movilidad.rionegro.gov.co\/web\/wp-json\/wp\/v2\/pages\/12126"}],"collection":[{"href":"https:\/\/movilidad.rionegro.gov.co\/web\/wp-json\/wp\/v2\/pages"}],"about":[{"href":"https:\/\/movilidad.rionegro.gov.co\/web\/wp-json\/wp\/v2\/types\/page"}],"author":[{"embeddable":true,"href":"https:\/\/movilidad.rionegro.gov.co\/web\/wp-json\/wp\/v2\/users\/4"}],"replies":[{"embeddable":true,"href":"https:\/\/movilidad.rionegro.gov.co\/web\/wp-json\/wp\/v2\/comments?post=12126"}],"version-history":[{"count":93,"href":"https:\/\/movilidad.rionegro.gov.co\/web\/wp-json\/wp\/v2\/pages\/12126\/revisions"}],"predecessor-version":[{"id":13915,"href":"https:\/\/movilidad.rionegro.gov.co\/web\/wp-json\/wp\/v2\/pages\/12126\/revisions\/13915"}],"wp:attachment":[{"href":"https:\/\/movilidad.rionegro.gov.co\/web\/wp-json\/wp\/v2\/media?parent=12126"}],"curies":[{"name":"wp","href":"https:\/\/api.w.org\/{rel}","templated":true}]}}