{"id":12428,"date":"2019-04-10T16:23:44","date_gmt":"2019-04-10T16:23:44","guid":{"rendered":"https:\/\/10.240.8.148\/web\/?page_id=12428"},"modified":"2025-01-29T13:49:57","modified_gmt":"2025-01-29T18:49:57","slug":"cancelacion-de-matricula","status":"publish","type":"page","link":"https:\/\/movilidad.rionegro.gov.co\/web\/cancelacion-de-matricula\/","title":{"rendered":"Cancelaci\u00f3n de matr\u00edcula"},"content":{"rendered":"<p>[vc_row][vc_column offset=&#8221;vc_col-lg-offset-2 vc_col-lg-8 vc_col-md-offset-1 vc_col-md-10&#8243;][vc_column_text css=&#8221;.vc_custom_1556138141356{margin-bottom: 5px !important;}&#8221;]<\/p>\n<p style=\"text-align: center; color: #1b1b1b; font-size: 20px;\">Documentos y requisitos espec\u00edficos para el tr\u00e1mite de cancelaci\u00f3n de matr\u00edcula:<\/p>\n<p>[\/vc_column_text][vc_separator color=&#8221;custom&#8221; border_width=&#8221;3&#8243; el_width=&#8221;10&#8243; accent_color=&#8221;#e62a4b&#8221; css=&#8221;.vc_custom_1554308847762{margin-top: 0px !important;border-top-width: 0px !important;padding-top: 0px !important;}&#8221;]<div class=\" vc_custom_1687816839522 ubtn-ctn-center \"><a class=\"ubtn-link ult-adjust-bottom-margin ubtn-center ubtn-normal \" href=\"https:\/\/movilidad.rionegro.gov.co\/portal-servicios\/#\/public\"target=\"_blank\"rel=\"noopener\"><button type=\"button\" id=\"ubtn-9043\" class=\"ubtn ult-adjust-bottom-margin ult-responsive ubtn-normal ubtn-no-hover-bg  ulta-grow  ubtn-center   tooltip-69e132b70ec47\"  data-hover=\"#ffffff\" data-border-color=\"#ffffff\" data-bg=\"#204571\" data-hover-bg=\"#ffffff\" data-border-hover=\"#ffffff\" data-shadow-hover=\"\" data-shadow-click=\"none\" data-shadow=\"\" data-shd-shadow=\"\"  data-ultimate-target='#ubtn-9043'  data-responsive-json-new='{\"font-size\":\"\",\"line-height\":\"\"}'  style=\"font-weight:bold;border-radius:60px;border-width:2px;border-color:#ffffff;border-style:solid;background: #204571;color: #ffffff;\"><span class=\"ubtn-hover\" style=\"background-color:#ffffff\"><\/span><span class=\"ubtn-data ubtn-text \" >Ir al portal transaccional<\/span><\/button><\/a><\/div>[\/vc_column][\/vc_row][vc_row full_width=&#8221;stretch_row_content&#8221; bg_type=&#8221;bg_color&#8221; bg_override=&#8221;9&#8243; css=&#8221;.vc_custom_1554324674253{margin-top: 50px !important;padding-right: 20px !important;padding-left: 20px !important;background-color: #f4f4f4 !important;background-position: center !important;background-repeat: no-repeat !important;background-size: cover !important;}&#8221; bg_color_value=&#8221;#f4f4f4&#8243;][vc_column width=&#8221;1\/2&#8243; css=&#8221;.vc_custom_1554310166105{margin-top: 30px !important;}&#8221;][vc_single_image image=&#8221;13061&#8243; img_size=&#8221;full&#8221; style=&#8221;vc_box_rounded&#8221;][\/vc_column][vc_column width=&#8221;1\/2&#8243;][vc_empty_space height=&#8221;60px&#8221;][vc_tta_accordion style=&#8221;flat&#8221; color=&#8221;sky&#8221; active_section=&#8221;1&#8243; no_fill=&#8221;true&#8221; css=&#8221;.vc_custom_1738175608025{margin-top: 0px !important;}&#8221; title=&#8221;Tarifa: $125.500 COP&#8221;][vc_tta_section i_type=&#8221;typicons&#8221; i_icon_typicons=&#8221;typcn typcn-document-text&#8221; add_icon=&#8221;true&#8221; title=&#8221;Cancelaci\u00f3n por destrucci\u00f3n o p\u00e9rdida total originada por caso fortuito o de fuerza mayor&#8221; tab_id=&#8221;1738175685668-ad0818ae-0781&#8243;][vc_column_text]<span style=\"font-weight: 400;\">Registro fotogr\u00e1fico que demuestre la presentaci\u00f3n del caso fortuito o de fuerza mayor y que como consecuencia se genera la p\u00e9rdida total. <\/span>[\/vc_column_text][\/vc_tta_section][vc_tta_section i_type=&#8221;typicons&#8221; i_icon_typicons=&#8221;typcn typcn-document-text&#8221; add_icon=&#8221;true&#8221; title=&#8221;Cancelaci\u00f3n por hurto o desaparici\u00f3n documentada&#8221; tab_id=&#8221;1554318762702-f229ec3b-a273&#8243;][vc_column_text]<\/p>\n<ul>\n<li>Documento original de constancia o certificaci\u00f3n expedida por la Fiscal\u00eda indicando que el veh\u00edculo no ha sido recuperado.<\/li>\n<li>Denuncia por p\u00e9rdida del veh\u00edculo.<\/li>\n<li>Si es veh\u00edculo de servicio p\u00fablico deber\u00e1 anexar original de paz y salvo. Conjuntamente con este tr\u00e1mite, debe realizarse la desvinculaci\u00f3n por hurto y cancelaci\u00f3n de la tarjeta de operaci\u00f3n.<\/li>\n<\/ul>\n<p>[\/vc_column_text][\/vc_tta_section][vc_tta_section i_type=&#8221;typicons&#8221; i_icon_typicons=&#8221;typcn typcn-document-text&#8221; add_icon=&#8221;true&#8221; title=&#8221;Cancelaci\u00f3n por decisi\u00f3n judicial&#8221; tab_id=&#8221;1554913603405-f270424c-b4f6&#8243;][vc_column_text]<\/p>\n<ul>\n<li>Acto que contiene la decisi\u00f3n judicial.<\/li>\n<\/ul>\n<p>[\/vc_column_text][\/vc_tta_section][vc_tta_section i_type=&#8221;typicons&#8221; i_icon_typicons=&#8221;typcn typcn-document-text&#8221; add_icon=&#8221;true&#8221; title=&#8221;Cancelaci\u00f3n por destrucci\u00f3n o p\u00e9rdida total originada por caso fortuito o de fuerza mayor&#8221; tab_id=&#8221;1554913601533-4db08759-1fdb&#8221;][vc_column_text]<\/p>\n<ul>\n<li>Certificaci\u00f3n emitida por la autoridad administrativa competente de la jurisdicci\u00f3n donde ocurri\u00f3 el caso fortuito y\/o de fuerza mayor.<\/li>\n<li>Certificaci\u00f3n t\u00e9cnica de la SIJIN o de la DIJIN.<\/li>\n<li>Concepto t\u00e9cnico del perito de la aseguradora o de perito autorizado por el Organismo de Tr\u00e1nsito.<\/li>\n<\/ul>\n<p>[\/vc_column_text][\/vc_tta_section][vc_tta_section i_type=&#8221;typicons&#8221; i_icon_typicons=&#8221;typcn typcn-document-text&#8221; add_icon=&#8221;true&#8221; title=&#8221;Cancelaci\u00f3n por destrucci\u00f3n o p\u00e9rdida total a causa de un accidente de tr\u00e1nsito&#8221; tab_id=&#8221;1554913598504-b9fbe8e7-878b&#8221;][vc_column_text]<\/p>\n<ul>\n<li>Informe del accidente (croquis) emitido por la autoridad competente. IPAT debe estar cargado en el RUNT.<\/li>\n<li><span style=\"font-weight: 400;\">Certificaci\u00f3n t\u00e9cnica de la SIJIN o de la DIJIN.<\/span><\/li>\n<li><span style=\"font-weight: 400;\">Concepto t\u00e9cnico del perito de la aseguradora o de perito autorizado por organismo de tr\u00e1nsito.<\/span><\/li>\n<li>Registro fotogr\u00e1fico del accidente de tr\u00e1nsito.<\/li>\n<li><strong>Si es veh\u00edculo de servicio p\u00fablico<\/strong> anexar original de paz y salvo expedido por la empresa donde se encuentra afiliado. Conjuntamente con este tr\u00e1mite, debe realizarse la desvinculaci\u00f3n por destrucci\u00f3n total. Siempre que se encuentre afiliado a una empresa habilitada en el municipio de Rionegro.<\/li>\n<\/ul>\n<p>[\/vc_column_text][\/vc_tta_section][vc_tta_section i_type=&#8221;typicons&#8221; i_icon_typicons=&#8221;typcn typcn-document-text&#8221; add_icon=&#8221;true&#8221; title=&#8221;Cancelaci\u00f3n por decisi\u00f3n voluntaria de propietario de desintegrar su veh\u00edculo&#8221; tab_id=&#8221;1554913985973-7c12405d-37a5&#8243;][vc_column_text]<\/p>\n<ul>\n<li>Certificaci\u00f3n expedida por una empresa desintegradora debidamente autorizada por el Ministerio de Transporte.<\/li>\n<li>Certificaci\u00f3n t\u00e9cnica de la SIJIN o de la DIJIN.<\/li>\n<\/ul>\n<p>[\/vc_column_text][\/vc_tta_section][vc_tta_section i_type=&#8221;typicons&#8221; i_icon_typicons=&#8221;typcn typcn-document-text&#8221; add_icon=&#8221;true&#8221; title=&#8221;Cancelaci\u00f3n por exportaci\u00f3n o reexportaci\u00f3n&#8221; tab_id=&#8221;1706647824996-fdc6b1b3-3676&#8243;][vc_column_text]<\/p>\n<ul>\n<li>Declaraci\u00f3n de exportaci\u00f3n expedida por la autoridad competente (DIAN).<\/li>\n<li>Revisi\u00f3n de la SIJIN.<\/li>\n<li>El propietario debe estar inscrito en el RUNT, estar a paz y salvo de multas.<\/li>\n<li>Entregar al Organismo de Tr\u00e1nsito la licencia de tr\u00e1nsito y placas.<\/li>\n<\/ul>\n<p>[\/vc_column_text][\/vc_tta_section][\/vc_tta_accordion][\/vc_column][\/vc_row][vc_row][vc_column offset=&#8221;vc_col-lg-offset-2 vc_col-lg-8 vc_col-md-offset-1 vc_col-md-10&#8243;][vc_empty_space height=&#8221;50px&#8221;][vc_column_text css=&#8221;.vc_custom_1556138336381{margin-bottom: 5px !important;}&#8221;]<\/p>\n<p style=\"text-align: center; color: #1b1b1b; font-size: 20px;\">Para la realizaci\u00f3n de cualquier tr\u00e1mite del Registro Municipal Automotor, se debe cumplir con los siguientes requisitos generales:<\/p>\n<p>[\/vc_column_text][vc_separator color=&#8221;custom&#8221; border_width=&#8221;3&#8243; el_width=&#8221;10&#8243; accent_color=&#8221;#e62a4b&#8221; css=&#8221;.vc_custom_1554308847762{margin-top: 0px !important;border-top-width: 0px !important;padding-top: 0px !important;}&#8221;][\/vc_column][\/vc_row][vc_row full_width=&#8221;stretch_row_content&#8221; bg_type=&#8221;bg_color&#8221; bg_override=&#8221;9&#8243; css=&#8221;.vc_custom_1554324707701{margin-top: 50px !important;padding-right: 20px !important;padding-left: 20px !important;background-color: #f4f4f4 !important;background-position: center !important;background-repeat: no-repeat !important;background-size: cover !important;}&#8221; bg_color_value=&#8221;#f4f4f4&#8243;][vc_column width=&#8221;1\/2&#8243;][vc_empty_space height=&#8221;50px&#8221;][vc_tta_accordion style=&#8221;flat&#8221; color=&#8221;sky&#8221; active_section=&#8221;1&#8243; no_fill=&#8221;true&#8221; css=&#8221;.vc_custom_1554310842482{margin-top: 0px !important;}&#8221; title=&#8221;Documentos&#8221;][vc_tta_section i_type=&#8221;typicons&#8221; i_icon_typicons=&#8221;typcn typcn-document-text&#8221; add_icon=&#8221;true&#8221; title=&#8221;Autorizaci\u00f3n a Terceros o Contrato de Mandato&#8221; tab_id=&#8221;1738176027611-6eea9d59-c0af&#8221;][vc_column_text]<span style=\"font-weight: 400;\">Documento donde firma y plasma huella el propietario del veh\u00edculo autorizando a un tercero la realizaci\u00f3n del tr\u00e1mite.\u00a0 <\/span>[\/vc_column_text][\/vc_tta_section][vc_tta_section i_type=&#8221;typicons&#8221; i_icon_typicons=&#8221;typcn typcn-document-text&#8221; add_icon=&#8221;true&#8221; title=&#8221;Formulario \u00danico de Solicitud de Tr\u00e1mites&#8221; tab_id=&#8221;1554305843573-7354c557-ec3f&#8221;][vc_column_text]<\/p>\n<p style=\"text-align: left;\"><span style=\"font-weight: 400;\">Formulario donde se registra la solicitud de tr\u00e1mite que se va a realiza. Debe estar completamente diligenciado con firmas y huellas de las personas involucradas en el tr\u00e1mite, no debe tener enmendaduras ni tachones.<\/span><\/p>\n<p>[\/vc_column_text][\/vc_tta_section][vc_tta_section i_type=&#8221;typicons&#8221; i_icon_typicons=&#8221;typcn typcn-document-text&#8221; add_icon=&#8221;true&#8221; title=&#8221;Improntas&#8221; tab_id=&#8221;1554305843573-6a8941cc-e1e5&#8243;][vc_column_text]Se deben adherir las improntas al documento principal del tr\u00e1mite. En caso que sea imposible tomarlas, se debe anexar certificaci\u00f3n de la DIJIN o de la entidad competente seg\u00fan sea el caso.[\/vc_column_text][\/vc_tta_section][vc_tta_section i_type=&#8221;typicons&#8221; i_icon_typicons=&#8221;typcn typcn-document-text&#8221; add_icon=&#8221;true&#8221; title=&#8221;Matr\u00edcula Original del Veh\u00edculo&#8221; tab_id=&#8221;1554309645126-7edcfba3-2b87&#8243;][vc_column_text]Si no la tiene, deber\u00e1 anexar la denuncia por p\u00e9rdida.[\/vc_column_text][\/vc_tta_section][vc_tta_section i_type=&#8221;typicons&#8221; i_icon_typicons=&#8221;typcn typcn-document-text&#8221; add_icon=&#8221;true&#8221; title=&#8221;Paz y Salvo de Impuestos&#8221; tab_id=&#8221;1554309642344-9468e8a0-2e57&#8243;][vc_column_text]Al momento de realizar el tr\u00e1mite debe estar a paz y salvo con sus impuestos, tanto en los veh\u00edculos de servicio particular como los veh\u00edculos de servicio p\u00fablico.[\/vc_column_text][\/vc_tta_section][vc_tta_section i_type=&#8221;typicons&#8221; i_icon_typicons=&#8221;typcn typcn-document-text&#8221; add_icon=&#8221;true&#8221; title=&#8221;Pago de derechos del tr\u00e1mite&#8221; tab_id=&#8221;1554309657446-575448a6-48a2&#8243;][vc_column_text]Cancelar los derechos del respectivo tr\u00e1mite (tanto los municipales como los nacionales).[\/vc_column_text][\/vc_tta_section][vc_tta_section i_type=&#8221;typicons&#8221; i_icon_typicons=&#8221;typcn typcn-document-text&#8221; add_icon=&#8221;true&#8221; title=&#8221;Inscripci\u00f3n en el RUNT&#8221; tab_id=&#8221;1554309655584-997b0aad-d2c5&#8243;][vc_column_text]Deben estar inscritos en el RUNT todas las personas naturales o jur\u00eddicas que intervienen en el tr\u00e1mite.[\/vc_column_text][\/vc_tta_section][vc_tta_section i_type=&#8221;typicons&#8221; i_icon_typicons=&#8221;typcn typcn-document-text&#8221; add_icon=&#8221;true&#8221; title=&#8221;Paz y Salvo de MuItas e Infracciones de Tr\u00e1nsito&#8221; tab_id=&#8221;1554309653534-4d19ffcd-d96b&#8221;][vc_column_text]<span style=\"font-weight: 400;\">Al momento de realizar el tr\u00e1mite debe estar a paz y salvo con sus multas e infracciones de tr\u00e1nsito en caso de tenerlas.<\/span>[\/vc_column_text][\/vc_tta_section][vc_tta_section i_type=&#8221;typicons&#8221; i_icon_typicons=&#8221;typcn typcn-document-text&#8221; add_icon=&#8221;true&#8221; title=&#8221;SOAT y Revisi\u00f3n T\u00e9cnico-Mec\u00e1nica&#8221; tab_id=&#8221;1554909398134-7f21a0d5-d6fd&#8221;][vc_column_text]Validaci\u00f3n a trav\u00e9s del sistema RUNT de la vigencia del SOAT y de la Revisi\u00f3n T\u00e9cnico-Mec\u00e1nica.[\/vc_column_text][\/vc_tta_section][\/vc_tta_accordion][\/vc_column][vc_column width=&#8221;1\/2&#8243; css=&#8221;.vc_custom_1554310166105{margin-top: 30px !important;}&#8221;][vc_empty_space height=&#8221;10px&#8221;][vc_single_image image=&#8221;12994&#8243; img_size=&#8221;full&#8221; style=&#8221;vc_box_rounded&#8221;][\/vc_column][\/vc_row]<\/p>\n","protected":false},"excerpt":{"rendered":"<p>[vc_row][vc_column offset=&#8221;vc_col-lg-offset-2 vc_col-lg-8 vc_col-md-offset-1 vc_col-md-10&#8243;][vc_column_text css=&#8221;.vc_custom_1556138141356{margin-bottom: 5px !important;}&#8221;] Documentos y requisitos espec\u00edficos para el tr\u00e1mite de cancelaci\u00f3n de matr\u00edcula: [\/vc_column_text][vc_separator color=&#8221;custom&#8221; border_width=&#8221;3&#8243; el_width=&#8221;10&#8243; accent_color=&#8221;#e62a4b&#8221; css=&#8221;.vc_custom_1554308847762{margin-top: 0px !important;border-top-width: 0px !important;padding-top: 0px&#8230;<\/p>\n","protected":false},"author":4,"featured_media":0,"parent":0,"menu_order":0,"comment_status":"closed","ping_status":"closed","template":"","meta":{"pgc_meta":""},"pgc_meta":"","_links":{"self":[{"href":"https:\/\/movilidad.rionegro.gov.co\/web\/wp-json\/wp\/v2\/pages\/12428"}],"collection":[{"href":"https:\/\/movilidad.rionegro.gov.co\/web\/wp-json\/wp\/v2\/pages"}],"about":[{"href":"https:\/\/movilidad.rionegro.gov.co\/web\/wp-json\/wp\/v2\/types\/page"}],"author":[{"embeddable":true,"href":"https:\/\/movilidad.rionegro.gov.co\/web\/wp-json\/wp\/v2\/users\/4"}],"replies":[{"embeddable":true,"href":"https:\/\/movilidad.rionegro.gov.co\/web\/wp-json\/wp\/v2\/comments?post=12428"}],"version-history":[{"count":27,"href":"https:\/\/movilidad.rionegro.gov.co\/web\/wp-json\/wp\/v2\/pages\/12428\/revisions"}],"predecessor-version":[{"id":13849,"href":"https:\/\/movilidad.rionegro.gov.co\/web\/wp-json\/wp\/v2\/pages\/12428\/revisions\/13849"}],"wp:attachment":[{"href":"https:\/\/movilidad.rionegro.gov.co\/web\/wp-json\/wp\/v2\/media?parent=12428"}],"curies":[{"name":"wp","href":"https:\/\/api.w.org\/{rel}","templated":true}]}}