{"id":12456,"date":"2019-04-10T21:40:55","date_gmt":"2019-04-10T21:40:55","guid":{"rendered":"https:\/\/10.240.8.148\/web\/?page_id=12456"},"modified":"2026-01-22T17:21:02","modified_gmt":"2026-01-22T22:21:02","slug":"traspaso-compania-aseguradora","status":"publish","type":"page","link":"https:\/\/movilidad.rionegro.gov.co\/web\/traspaso-compania-aseguradora\/","title":{"rendered":"Traspaso"},"content":{"rendered":"<p>[vc_row][vc_column offset=&#8221;vc_col-lg-offset-2 vc_col-lg-8 vc_col-md-offset-1 vc_col-md-10&#8243;][vc_column_text css=&#8221;.vc_custom_1556228212604{margin-bottom: 5px !important;}&#8221;]<\/p>\n<p style=\"text-align: center; color: #1b1b1b; font-size: 20px;\">Documentos y requisitos espec\u00edficos para el tr\u00e1mite de traspaso:<\/p>\n<p>[\/vc_column_text][vc_separator color=&#8221;custom&#8221; border_width=&#8221;3&#8243; el_width=&#8221;10&#8243; accent_color=&#8221;#e62a4b&#8221; css=&#8221;.vc_custom_1554308847762{margin-top: 0px !important;border-top-width: 0px !important;padding-top: 0px !important;}&#8221;]<div class=\" vc_custom_1687816839522 ubtn-ctn-center \"><a class=\"ubtn-link ult-adjust-bottom-margin ubtn-center ubtn-normal \" href=\"https:\/\/movilidad.rionegro.gov.co\/portal-servicios\/#\/public\"target=\"_blank\"rel=\"noopener\"><button type=\"button\" id=\"ubtn-4074\" class=\"ubtn ult-adjust-bottom-margin ult-responsive ubtn-normal ubtn-no-hover-bg  ulta-grow  ubtn-center   tooltip-69e03b6c122b8\"  data-hover=\"#ffffff\" data-border-color=\"#ffffff\" data-bg=\"#204571\" data-hover-bg=\"#ffffff\" data-border-hover=\"#ffffff\" data-shadow-hover=\"\" data-shadow-click=\"none\" data-shadow=\"\" data-shd-shadow=\"\"  data-ultimate-target='#ubtn-4074'  data-responsive-json-new='{\"font-size\":\"\",\"line-height\":\"\"}'  style=\"font-weight:bold;border-radius:60px;border-width:2px;border-color:#ffffff;border-style:solid;background: #204571;color: #ffffff;\"><span class=\"ubtn-hover\" style=\"background-color:#ffffff\"><\/span><span class=\"ubtn-data ubtn-text \" >Ir al portal transaccional<\/span><\/button><\/a><\/div>[vc_empty_space height=&#8221;50px&#8221;][\/vc_column][\/vc_row][vc_row full_width=&#8221;stretch_row_content&#8221; bg_type=&#8221;bg_color&#8221; bg_override=&#8221;9&#8243; css=&#8221;.vc_custom_1556221052234{background-color: #f4f4f4 !important;background-position: center !important;background-repeat: no-repeat !important;background-size: cover !important;}&#8221; bg_color_value=&#8221;#f4f4f4&#8243;][vc_column offset=&#8221;vc_col-lg-offset-2 vc_col-lg-8 vc_col-md-offset-1 vc_col-md-2&#8243;][vc_empty_space height=&#8221;50px&#8221;][vc_tta_accordion style=&#8221;flat&#8221; color=&#8221;sky&#8221; active_section=&#8221;1&#8243; no_fill=&#8221;true&#8221; css=&#8221;.vc_custom_1767822214734{margin-top: 0px !important;}&#8221; title=&#8221;Tarifa: $324.700 + Retefuente del 1%&#8221;][vc_tta_section i_type=&#8221;typicons&#8221; i_icon_typicons=&#8221;typcn typcn-document-text&#8221; add_icon=&#8221;true&#8221; title=&#8221;Traspaso a compa\u00f1\u00eda aseguradora&#8221; tab_id=&#8221;1554318762702-f229ec3b-a273&#8243;][vc_column_text]<\/p>\n<ul>\n<li>En los casos de realizaci\u00f3n conjunta de los tr\u00e1mites de traspaso y cancelaci\u00f3n por hurto, p\u00e9rdida o destrucci\u00f3n parcial, se except\u00faa de la validaci\u00f3n de SOAT y revisi\u00f3n t\u00e9cnico-mec\u00e1nica.<\/li>\n<li>En los casos de p\u00e9rdida parcial se requiere peritaje de la compa\u00f1\u00eda aseguradora, indicando la p\u00e9rdida o destrucci\u00f3n parcial y si el motor o chasis no es recuperable.<\/li>\n<\/ul>\n<p>[\/vc_column_text][\/vc_tta_section][vc_tta_section i_type=&#8221;typicons&#8221; i_icon_typicons=&#8221;typcn typcn-document-text&#8221; add_icon=&#8221;true&#8221; title=&#8221;Traspaso por decisi\u00f3n judicial o administrativa&#8221; tab_id=&#8221;1554902984849-0f71f223-c0cd&#8221;][vc_column_text]<\/p>\n<ul>\n<li>Sentencia o acto administrativo de adjudicaci\u00f3n al que deben adherirse las improntas.<\/li>\n<li>En los casos de decisi\u00f3n judicial se except\u00faa de la validaci\u00f3n de identidad del propietario en RUNT, a cambio de que se registren los datos de la autoridad que profiri\u00f3 la decisi\u00f3n.<\/li>\n<\/ul>\n<p>[\/vc_column_text][\/vc_tta_section][vc_tta_section i_type=&#8221;typicons&#8221; i_icon_typicons=&#8221;typcn typcn-document-text&#8221; add_icon=&#8221;true&#8221; title=&#8221;Traspaso por importaci\u00f3n temporal o sustituci\u00f3n del importador&#8221; tab_id=&#8221;1554933247942-f7c5108d-21a7&#8243;][vc_column_text]<\/p>\n<ul>\n<li>Declaraci\u00f3n de importaci\u00f3n modificatoria donde se registre el nuevo importador autorizado por la DIAN. Igualmente, no olvide adherir las improntas al respaldo.<\/li>\n<\/ul>\n<p>[\/vc_column_text][\/vc_tta_section][vc_tta_section i_type=&#8221;typicons&#8221; i_icon_typicons=&#8221;typcn typcn-document-text&#8221; add_icon=&#8221;true&#8221; title=&#8221;Traspaso por solicitud originada en Fiscal\u00eda&#8221; tab_id=&#8221;1554933772021-70b2c1d9-db21&#8243;][vc_column_text]<\/p>\n<ul>\n<li>Acto administrativo por medio del cual se ordena el comiso.<\/li>\n<\/ul>\n<p>[\/vc_column_text][\/vc_tta_section][\/vc_tta_accordion][vc_tta_accordion style=&#8221;flat&#8221; color=&#8221;sky&#8221; active_section=&#8221;#&#8221; no_fill=&#8221;true&#8221; collapsible_all=&#8221;true&#8221; css=&#8221;.vc_custom_1767822385652{margin-top: 0px !important;}&#8221; title=&#8221;Tarifa: $595.100 + Retefuente del 1%&#8221;][vc_tta_section i_type=&#8221;typicons&#8221; i_icon_typicons=&#8221;typcn typcn-document-text&#8221; add_icon=&#8221;true&#8221; title=&#8221;Traspaso con inscripci\u00f3n de prenda autom\u00f3vil o motocicleta&#8221; tab_id=&#8221;1706286041215-2d18e167-2591&#8243;][vc_column_text]<\/p>\n<ul>\n<li>Paz y salvo de Impuestos particulares si el cilindraje es superior de 125 cc.<\/li>\n<li>Si el veh\u00edculo es p\u00fablico, contrato de cesi\u00f3n del derecho de vinculaci\u00f3n o afiliaci\u00f3n, suscrito por el cedente y el cesionario.<\/li>\n<li>Carta original de inscripci\u00f3n de prenda, certificado de existencia y representaci\u00f3n o superintendencia financiera con fecha de expedici\u00f3n no superior a 60 d\u00edas, poder (en caso de requerirlo) no superior a 90 d\u00edas.<\/li>\n<li>Documento donde vendedor y\/o comprador firma y plasma huella autorizando a un tercero la realizaci\u00f3n del tr\u00e1mite.<\/li>\n<\/ul>\n<p>[\/vc_column_text][\/vc_tta_section][\/vc_tta_accordion][vc_tta_accordion style=&#8221;flat&#8221; color=&#8221;sky&#8221; active_section=&#8221;#&#8221; no_fill=&#8221;true&#8221; collapsible_all=&#8221;true&#8221; css=&#8221;.vc_custom_1767822428700{margin-top: 0px !important;}&#8221; title=&#8221;Tarifa: $653.100 + Retefuente del 1%&#8221;][vc_tta_section i_type=&#8221;typicons&#8221; i_icon_typicons=&#8221;typcn typcn-document-text&#8221; add_icon=&#8221;true&#8221; title=&#8221;Traspaso con levantamiento de prenda autom\u00f3vil o motocicleta&#8221; tab_id=&#8221;1706287427366-61b1a55f-0481&#8243;][vc_column_text]<\/p>\n<ul>\n<li>Paz y salvo de Impuestos particulares si el cilindraje es superior de 125 cc.<\/li>\n<li>Si el veh\u00edculo es p\u00fablico, contrato de cesi\u00f3n del derecho de vinculaci\u00f3n o afiliaci\u00f3n, suscrito por el cedente y el cesionario.<\/li>\n<li>Carta original de levantamiento de prenda, certificado de existencia y representaci\u00f3n o superintendencia financiera con fecha de expedici\u00f3n no superior a 60 d\u00edas, poder (en caso de requerirlo) no superior a 90 d\u00edas.<\/li>\n<\/ul>\n<p>[\/vc_column_text][\/vc_tta_section][\/vc_tta_accordion][vc_tta_accordion style=&#8221;flat&#8221; color=&#8221;sky&#8221; active_section=&#8221;#&#8221; no_fill=&#8221;true&#8221; collapsible_all=&#8221;true&#8221; css=&#8221;.vc_custom_1769120459111{margin-top: 0px !important;}&#8221; title=&#8221;Tarifa: $389.900 + Retefuente del 1%&#8221;][vc_tta_section i_type=&#8221;typicons&#8221; i_icon_typicons=&#8221;typcn typcn-document-text&#8221; add_icon=&#8221;true&#8221; title=&#8221;Traspaso con levantamiento de prenda motocarro&#8221; tab_id=&#8221;1706287573306-587b9121-63de&#8221;][vc_column_text]<\/p>\n<ul>\n<li>Paz y salvo de Impuestos particulares si el cilindraje es superior de 125 cc.<\/li>\n<li>Si el veh\u00edculo es p\u00fablico, contrato de cesi\u00f3n del derecho de vinculaci\u00f3n o afiliaci\u00f3n, suscrito por el cedente y el cesionario.<\/li>\n<li>Carta original de levantamiento de prenda, certificado de existencia y representaci\u00f3n o superintendencia financiera con fecha de expedici\u00f3n no superior a 60 d\u00edas, poder (en caso de requerirlo) no superior a 90 d\u00edas.<\/li>\n<\/ul>\n<p>[\/vc_column_text][\/vc_tta_section][\/vc_tta_accordion][vc_tta_accordion style=&#8221;flat&#8221; color=&#8221;sky&#8221; active_section=&#8221;#&#8221; no_fill=&#8221;true&#8221; collapsible_all=&#8221;true&#8221; css=&#8221;.vc_custom_1769120437794{margin-top: 0px !important;}&#8221; title=&#8221;Tarifa: $512.600 + Retefuente del 1%&#8221;][vc_tta_section i_type=&#8221;typicons&#8221; i_icon_typicons=&#8221;typcn typcn-document-text&#8221; add_icon=&#8221;true&#8221; title=&#8221;Traspaso con inscripci\u00f3n de prenda motocarro&#8221; tab_id=&#8221;1706286277462-2526e6af-90f5&#8243;][vc_column_text]<\/p>\n<ul>\n<li>Si el veh\u00edculo es p\u00fablico, contrato de cesi\u00f3n del derecho de vinculaci\u00f3n o afiliaci\u00f3n, suscrito por el cedente y el cesionario.<\/li>\n<li>Carta original de inscripci\u00f3n de prenda, certificado de existencia yrepresentaci\u00f3n o superintendencia financiera con fecha de expedici\u00f3n nosuperior a 60 d\u00edas, poder (en caso de requerirlo) no superior a 90 d\u00edas.<\/li>\n<\/ul>\n<p>[\/vc_column_text][\/vc_tta_section][\/vc_tta_accordion][vc_tta_accordion style=&#8221;flat&#8221; color=&#8221;sky&#8221; active_section=&#8221;#&#8221; no_fill=&#8221;true&#8221; collapsible_all=&#8221;true&#8221; css=&#8221;.vc_custom_1767822518084{margin-top: 0px !important;}&#8221; title=&#8221;Tarifa: $324.700 (No se cobra retefuente)&#8221;][vc_tta_section i_type=&#8221;typicons&#8221; i_icon_typicons=&#8221;typcn typcn-document-text&#8221; add_icon=&#8221;true&#8221; title=&#8221;Traspaso por sucesi\u00f3n&#8221; tab_id=&#8221;1706287041695-1074a082-fd5d&#8221;][vc_column_text]<\/p>\n<ul>\n<li>Fotocopias de las c\u00e9dulas de causante y heredero, si es persona jur\u00eddica deber\u00e1 anexar la copia del certificado de existencia y representaci\u00f3n legal con fecha de expedici\u00f3n no superior a 60 d\u00edas y fotocopia de la c\u00e9dula del representante legal.<\/li>\n<li>Improntas de motor, chasis y serie (si aplica), dado que sea impronta de dif\u00edcil acceso presentar revisi\u00f3n de la SIJIN.<\/li>\n<li>El Organismo de Tr\u00e1nsito, adem\u00e1s, requiere la presentaci\u00f3n de la sentencia o la respectiva escritura p\u00fablica a trav\u00e9s de la cual se acredita el respectivo derecho.<\/li>\n<li>Acta de defunci\u00f3n<\/li>\n<li>Causante y heredero deben estar inscritos en el RUNT, estar a paz y salvo de multas.<\/li>\n<\/ul>\n<p>[\/vc_column_text][\/vc_tta_section][\/vc_tta_accordion][vc_tta_accordion style=&#8221;flat&#8221; color=&#8221;sky&#8221; active_section=&#8221;#&#8221; no_fill=&#8221;true&#8221; collapsible_all=&#8221;true&#8221; css=&#8221;.vc_custom_1767822456819{margin-top: 0px !important;}&#8221; title=&#8221;Tarifa: $242.200 + Retefuente del 1%&#8221;][vc_tta_section i_type=&#8221;typicons&#8221; i_icon_typicons=&#8221;typcn typcn-document-text&#8221; add_icon=&#8221;true&#8221; title=&#8221;Traspaso motocarro&#8221; tab_id=&#8221;1706287190926-7c2b8672-657b&#8221;][vc_column_text]<\/p>\n<ul>\n<li>Contrato de compraventa diligenciado firmas, huellas legibles, valor del negocio e improntas de motor, chasis y serie (si aplica), dado que sea impronta de dif\u00edcil acceso presentar revisi\u00f3n de la SIJIN.<\/li>\n<li>Si el veh\u00edculo es p\u00fablico, contrato de cesi\u00f3n del derecho de vinculaci\u00f3n o afiliaci\u00f3n, suscrito por el cedente y el cesionario.<\/li>\n<\/ul>\n<p>[\/vc_column_text][\/vc_tta_section][\/vc_tta_accordion][vc_tta_accordion style=&#8221;flat&#8221; color=&#8221;sky&#8221; active_section=&#8221;#&#8221; no_fill=&#8221;true&#8221; collapsible_all=&#8221;true&#8221; css=&#8221;.vc_custom_1767822563464{margin-top: 0px !important;}&#8221; title=&#8221;Tarifa: $324.700 + Retefuente del 1%&#8221;][vc_tta_section i_type=&#8221;typicons&#8221; i_icon_typicons=&#8221;typcn typcn-document-text&#8221; add_icon=&#8221;true&#8221; title=&#8221;Traspaso de veh\u00edculo con blindaje&#8221; tab_id=&#8221;1706286838104-4596dc05-89f6&#8243;][vc_column_text]<\/p>\n<ul>\n<li>Si el veh\u00edculo es p\u00fablico, contrato de cesi\u00f3n del derecho de vinculaci\u00f3n o afiliaci\u00f3n, suscrito por el cedente y el cesionario.<\/li>\n<li>Para los niveles de blindaje 3 y 4, resoluci\u00f3n expedida por la Superintendencia de Vigilancia y Seguridad Privada, autorizando al nuevo propietario el uso de veh\u00edculo blindado o la autorizaci\u00f3n del desmonte del blindaje.<\/li>\n<li>En caso de que se presente la autorizaci\u00f3n de desmonte de blindaje, se debe anexar certificaci\u00f3n de la empresa blindadora debidamente autorizada por la Superintendencia de Vigilancia que efectu\u00f3 el desmonte y realizar el pago de derechos respectivos.<\/li>\n<\/ul>\n<p>[\/vc_column_text][\/vc_tta_section][\/vc_tta_accordion][vc_tta_accordion style=&#8221;flat&#8221; color=&#8221;sky&#8221; active_section=&#8221;#&#8221; no_fill=&#8221;true&#8221; collapsible_all=&#8221;true&#8221; css=&#8221;.vc_custom_1767822583813{margin-top: 0px !important;}&#8221; title=&#8221;Tarifa: $324.700 + Retefuente del 1%&#8221;][vc_tta_section i_type=&#8221;typicons&#8221; i_icon_typicons=&#8221;typcn typcn-document-text&#8221; add_icon=&#8221;true&#8221; title=&#8221;Traspaso a persona indeterminada&#8221; tab_id=&#8221;1706546371215-f128449d-200a&#8221;][vc_column_text]<\/p>\n<ul>\n<li>Documento bajo la gravedad del juramento suscrito por el propietario del veh\u00edculo, en el que manifieste la fecha, las razones por las cuales no formaliz\u00f3 el tr\u00e1mite de traspaso y la manifestaci\u00f3n que desconoce el paradero del veh\u00edculo, no posee cartas abiertas, hace m\u00e1s de 3 a\u00f1os fue vendido, y no es motivo de cancelaci\u00f3n.<\/li>\n<li>Paz y salvo de Impuestos particulares si el cilindraje es superior de 125 cc.<\/li>\n<li>Debe estar a paz y salvo de multas en SIMIT.<\/li>\n<li>Propietario debe estar inscrito en el RUNT, estar a paz y salvo de multas.<\/li>\n<li>Si el veh\u00edculo es p\u00fablico, certificado de desvinculaci\u00f3n de la empresa afiliadora y respectivo paz y salvo.<\/li>\n<\/ul>\n<p>[\/vc_column_text][\/vc_tta_section][\/vc_tta_accordion][vc_tta_accordion style=&#8221;flat&#8221; color=&#8221;sky&#8221; active_section=&#8221;#&#8221; no_fill=&#8221;true&#8221; collapsible_all=&#8221;true&#8221; css=&#8221;.vc_custom_1767822609262{margin-top: 0px !important;}&#8221; title=&#8221;Tarifa: $324.700 + Retefuente del 1%&#8221;][vc_tta_section i_type=&#8221;typicons&#8221; i_icon_typicons=&#8221;typcn typcn-document-text&#8221; add_icon=&#8221;true&#8221; title=&#8221;Revocatoria del traspaso a persona indeterminada&#8221; tab_id=&#8221;1706648869537-2ad82baa-8b1d&#8221;][vc_column_text]<\/p>\n<ul>\n<li>Improntas de motor, chasis y serie (si aplica), dado que sea impronta de dif\u00edcil acceso presentar revisi\u00f3n de la SIJIN.<\/li>\n<li>Declaraci\u00f3n juramentada solicitando la revocatoria del traspaso a persona indeterminada, manifestando la fecha desde la cual es el poseedor del veh\u00edculo y la intenci\u00f3n de legalizar el traspaso a su nombre.<\/li>\n<li>Paz y salvo de Impuestos particulares si el cilindraje es superior de 125 cc.<\/li>\n<\/ul>\n<p>[\/vc_column_text][\/vc_tta_section][\/vc_tta_accordion][\/vc_column][\/vc_row][vc_row][vc_column offset=&#8221;vc_col-lg-offset-2 vc_col-lg-8 vc_col-md-offset-1 vc_col-md-10&#8243;][vc_empty_space height=&#8221;70px&#8221;][vc_column_text css=&#8221;.vc_custom_1556227877554{margin-bottom: 5px !important;}&#8221;]<\/p>\n<p style=\"text-align: center; color: #1b1b1b; font-size: 20px;\">Para la realizaci\u00f3n de cualquier tr\u00e1mite del Registro Municipal Automotor, se debe cumplir con los siguientes requisitos generales:<\/p>\n<p>[\/vc_column_text][vc_separator color=&#8221;custom&#8221; border_width=&#8221;3&#8243; el_width=&#8221;10&#8243; accent_color=&#8221;#e62a4b&#8221; css=&#8221;.vc_custom_1554308847762{margin-top: 0px !important;border-top-width: 0px !important;padding-top: 0px !important;}&#8221;][\/vc_column][\/vc_row][vc_row full_width=&#8221;stretch_row_content&#8221; bg_type=&#8221;bg_color&#8221; bg_override=&#8221;9&#8243; css=&#8221;.vc_custom_1554324707701{margin-top: 50px !important;padding-right: 20px !important;padding-left: 20px !important;background-color: #f4f4f4 !important;background-position: center !important;background-repeat: no-repeat !important;background-size: cover !important;}&#8221; bg_color_value=&#8221;#f4f4f4&#8243;][vc_column width=&#8221;1\/2&#8243;][vc_empty_space height=&#8221;40px&#8221;][vc_tta_accordion style=&#8221;flat&#8221; color=&#8221;sky&#8221; active_section=&#8221;1&#8243; no_fill=&#8221;true&#8221; css=&#8221;.vc_custom_1554310842482{margin-top: 0px !important;}&#8221; title=&#8221;Documentos&#8221;][vc_tta_section i_type=&#8221;typicons&#8221; i_icon_typicons=&#8221;typcn typcn-document-text&#8221; add_icon=&#8221;true&#8221; title=&#8221;Autorizaci\u00f3n a Terceros o Contrato de Mandato&#8221; tab_id=&#8221;1738187273812-9353b683-3e02&#8243;][vc_column_text]<span style=\"font-weight: 400;\">Documento donde firma y plasma huella el propietario del veh\u00edculo autorizando a un tercero la realizaci\u00f3n del tr\u00e1mite. <\/span>[\/vc_column_text][\/vc_tta_section][vc_tta_section i_type=&#8221;typicons&#8221; i_icon_typicons=&#8221;typcn typcn-document-text&#8221; add_icon=&#8221;true&#8221; title=&#8221;Formulario \u00danico de Solicitud de Tr\u00e1mites&#8221; tab_id=&#8221;1554305843573-7354c557-ec3f&#8221;][vc_column_text]<\/p>\n<p style=\"text-align: left;\"><span style=\"font-weight: 400;\">Formulario donde se registra la solicitud de tr\u00e1mite que se va a realiza. Debe estar completamente diligenciado con firmas y huellas de las personas involucradas en el tr\u00e1mite, no debe tener enmendaduras ni tachones.<\/span><\/p>\n<p>[\/vc_column_text][\/vc_tta_section][vc_tta_section i_type=&#8221;typicons&#8221; i_icon_typicons=&#8221;typcn typcn-document-text&#8221; add_icon=&#8221;true&#8221; title=&#8221;Improntas&#8221; tab_id=&#8221;1554305843573-6a8941cc-e1e5&#8243;][vc_column_text]Se deben adherir las improntas al documento principal del tr\u00e1mite. En caso que sea imposible tomarlas, se debe anexar certificaci\u00f3n de la DIJIN o de la entidad competente seg\u00fan sea el caso.[\/vc_column_text][\/vc_tta_section][vc_tta_section i_type=&#8221;typicons&#8221; i_icon_typicons=&#8221;typcn typcn-document-text&#8221; add_icon=&#8221;true&#8221; title=&#8221;Matr\u00edcula Original del Veh\u00edculo&#8221; tab_id=&#8221;1554309645126-7edcfba3-2b87&#8243;][vc_column_text]Si no la tiene, deber\u00e1 anexar la denuncia por p\u00e9rdida.[\/vc_column_text][\/vc_tta_section][vc_tta_section i_type=&#8221;typicons&#8221; i_icon_typicons=&#8221;typcn typcn-document-text&#8221; add_icon=&#8221;true&#8221; title=&#8221;Paz y Salvo de Impuestos&#8221; tab_id=&#8221;1554309642344-9468e8a0-2e57&#8243;][vc_column_text]Al momento de realizar el tr\u00e1mite debe estar a paz y salvo con sus impuestos, tanto en los veh\u00edculos de servicio particular como los veh\u00edculos de servicio p\u00fablico.[\/vc_column_text][\/vc_tta_section][vc_tta_section i_type=&#8221;typicons&#8221; i_icon_typicons=&#8221;typcn typcn-document-text&#8221; add_icon=&#8221;true&#8221; title=&#8221;Pago de derechos del tr\u00e1mite&#8221; tab_id=&#8221;1554309657446-575448a6-48a2&#8243;][vc_column_text]Cancelar los derechos del respectivo tr\u00e1mite (tanto los municipales como los nacionales).[\/vc_column_text][\/vc_tta_section][vc_tta_section i_type=&#8221;typicons&#8221; i_icon_typicons=&#8221;typcn typcn-document-text&#8221; add_icon=&#8221;true&#8221; title=&#8221;Inscripci\u00f3n en el RUNT&#8221; tab_id=&#8221;1554309655584-997b0aad-d2c5&#8243;][vc_column_text]Deben estar inscritos en el RUNT todas las personas naturales o jur\u00eddicas que intervienen en el tr\u00e1mite.[\/vc_column_text][\/vc_tta_section][vc_tta_section i_type=&#8221;typicons&#8221; i_icon_typicons=&#8221;typcn typcn-document-text&#8221; add_icon=&#8221;true&#8221; title=&#8221;Paz y Salvo de MuItas e Infracciones de Tr\u00e1nsito&#8221; tab_id=&#8221;1554309653534-4d19ffcd-d96b&#8221;][vc_column_text]<span style=\"font-weight: 400;\">Al momento de realizar el tr\u00e1mite debe estar a paz y salvo con sus multas e infracciones de tr\u00e1nsito en caso de tenerlas.<\/span>[\/vc_column_text][\/vc_tta_section][vc_tta_section i_type=&#8221;typicons&#8221; i_icon_typicons=&#8221;typcn typcn-document-text&#8221; add_icon=&#8221;true&#8221; title=&#8221;SOAT y Revisi\u00f3n T\u00e9cnico-Mec\u00e1nica&#8221; tab_id=&#8221;1554909398134-7f21a0d5-d6fd&#8221;][vc_column_text]Validaci\u00f3n a trav\u00e9s del sistema RUNT de la vigencia del SOAT y de la Revisi\u00f3n T\u00e9cnico-Mec\u00e1nica.[\/vc_column_text][\/vc_tta_section][\/vc_tta_accordion][\/vc_column][vc_column width=&#8221;1\/2&#8243; css=&#8221;.vc_custom_1554310166105{margin-top: 30px !important;}&#8221;][vc_single_image image=&#8221;12994&#8243; img_size=&#8221;full&#8221; style=&#8221;vc_box_rounded&#8221;][\/vc_column][\/vc_row]<\/p>\n","protected":false},"excerpt":{"rendered":"<p>[vc_row][vc_column offset=&#8221;vc_col-lg-offset-2 vc_col-lg-8 vc_col-md-offset-1 vc_col-md-10&#8243;][vc_column_text css=&#8221;.vc_custom_1556228212604{margin-bottom: 5px !important;}&#8221;] Documentos y requisitos espec\u00edficos para el tr\u00e1mite de traspaso: [\/vc_column_text][vc_separator color=&#8221;custom&#8221; border_width=&#8221;3&#8243; el_width=&#8221;10&#8243; accent_color=&#8221;#e62a4b&#8221; css=&#8221;.vc_custom_1554308847762{margin-top: 0px !important;border-top-width: 0px !important;padding-top: 0px !important;}&#8221;][vc_empty_space height=&#8221;50px&#8221;][\/vc_column][\/vc_row][vc_row&#8230;<\/p>\n","protected":false},"author":4,"featured_media":0,"parent":0,"menu_order":0,"comment_status":"closed","ping_status":"closed","template":"","meta":{"pgc_meta":""},"pgc_meta":"","_links":{"self":[{"href":"https:\/\/movilidad.rionegro.gov.co\/web\/wp-json\/wp\/v2\/pages\/12456"}],"collection":[{"href":"https:\/\/movilidad.rionegro.gov.co\/web\/wp-json\/wp\/v2\/pages"}],"about":[{"href":"https:\/\/movilidad.rionegro.gov.co\/web\/wp-json\/wp\/v2\/types\/page"}],"author":[{"embeddable":true,"href":"https:\/\/movilidad.rionegro.gov.co\/web\/wp-json\/wp\/v2\/users\/4"}],"replies":[{"embeddable":true,"href":"https:\/\/movilidad.rionegro.gov.co\/web\/wp-json\/wp\/v2\/comments?post=12456"}],"version-history":[{"count":39,"href":"https:\/\/movilidad.rionegro.gov.co\/web\/wp-json\/wp\/v2\/pages\/12456\/revisions"}],"predecessor-version":[{"id":14008,"href":"https:\/\/movilidad.rionegro.gov.co\/web\/wp-json\/wp\/v2\/pages\/12456\/revisions\/14008"}],"wp:attachment":[{"href":"https:\/\/movilidad.rionegro.gov.co\/web\/wp-json\/wp\/v2\/media?parent=12456"}],"curies":[{"name":"wp","href":"https:\/\/api.w.org\/{rel}","templated":true}]}}