{"id":12481,"date":"2019-04-10T22:23:33","date_gmt":"2019-04-10T22:23:33","guid":{"rendered":"https:\/\/10.240.8.148\/web\/?page_id=12481"},"modified":"2026-01-22T17:34:14","modified_gmt":"2026-01-22T22:34:14","slug":"matricula-inicial","status":"publish","type":"page","link":"https:\/\/movilidad.rionegro.gov.co\/web\/matricula-inicial\/","title":{"rendered":"Matr\u00edcula inicial"},"content":{"rendered":"<p>[vc_row][vc_column offset=&#8221;vc_col-lg-offset-2 vc_col-lg-8 vc_col-md-offset-1 vc_col-md-10&#8243;][vc_empty_space height=&#8221;50px&#8221;][vc_column_text css=&#8221;.vc_custom_1556219549976{margin-bottom: 5px !important;}&#8221;]<\/p>\n<p style=\"text-align: center; color: #1b1b1b; font-size: 20px;\">Documentos y requisitos espec\u00edficos para el tr\u00e1mite de matr\u00edcula inicial:<\/p>\n<p>[\/vc_column_text][vc_separator color=&#8221;custom&#8221; border_width=&#8221;3&#8243; el_width=&#8221;10&#8243; accent_color=&#8221;#e62a4b&#8221; css=&#8221;.vc_custom_1554308847762{margin-top: 0px !important;border-top-width: 0px !important;padding-top: 0px !important;}&#8221;]<div class=\" vc_custom_1687816839522 ubtn-ctn-center \"><a class=\"ubtn-link ult-adjust-bottom-margin ubtn-center ubtn-normal \" href=\"https:\/\/movilidad.rionegro.gov.co\/portal-servicios\/#\/public\"target=\"_blank\"rel=\"noopener\"><button type=\"button\" id=\"ubtn-6120\" class=\"ubtn ult-adjust-bottom-margin ult-responsive ubtn-normal ubtn-no-hover-bg  ulta-grow  ubtn-center   tooltip-69eceba28cf14\"  data-hover=\"#ffffff\" data-border-color=\"#ffffff\" data-bg=\"#204571\" data-hover-bg=\"#ffffff\" data-border-hover=\"#ffffff\" data-shadow-hover=\"\" data-shadow-click=\"none\" data-shadow=\"\" data-shd-shadow=\"\"  data-ultimate-target='#ubtn-6120'  data-responsive-json-new='{\"font-size\":\"\",\"line-height\":\"\"}'  style=\"font-weight:bold;border-radius:60px;border-width:2px;border-color:#ffffff;border-style:solid;background: #204571;color: #ffffff;\"><span class=\"ubtn-hover\" style=\"background-color:#ffffff\"><\/span><span class=\"ubtn-data ubtn-text \" >Ir al portal transaccional<\/span><\/button><\/a><\/div>[vc_empty_space height=&#8221;70px&#8221;][\/vc_column][\/vc_row][vc_row full_width=&#8221;stretch_row_content&#8221; bg_type=&#8221;bg_color&#8221; bg_override=&#8221;9&#8243; css=&#8221;.vc_custom_1556221052234{background-color: #f4f4f4 !important;background-position: center !important;background-repeat: no-repeat !important;background-size: cover !important;}&#8221; bg_color_value=&#8221;#f4f4f4&#8243;][vc_column width=&#8221;1\/12&#8243; offset=&#8221;vc_col-lg-offset-2 vc_col-lg-8 vc_col-md-offset-1 vc_col-md-2&#8243;][vc_empty_space height=&#8221;50px&#8221;][vc_tta_accordion style=&#8221;flat&#8221; color=&#8221;sky&#8221; active_section=&#8221;1&#8243; no_fill=&#8221;true&#8221; css=&#8221;.vc_custom_1706284708537{margin-top: 0px !important;}&#8221; title=&#8221;Tarifa: $162.800 COP&#8221;][vc_tta_section i_type=&#8221;typicons&#8221; i_icon_typicons=&#8221;typcn typcn-document-text&#8221; add_icon=&#8221;true&#8221; title=&#8221;Veh\u00edculos de servicio particular&#8221; tab_id=&#8221;1554983246738-858bec15-e09e&#8221;][vc_column_text]<\/p>\n<ul>\n<li>Factura de compra de veh\u00edculo con las improntas adheridas al respaldo.<\/li>\n<li>Certificado individual de ADUANAS y\/o declaraci\u00f3n de importaci\u00f3n seg\u00fan sea el caso, donde conste las caracter\u00edsticas del veh\u00edculo y el n\u00famero de levante.<\/li>\n<\/ul>\n<p>[\/vc_column_text][\/vc_tta_section][\/vc_tta_accordion][vc_tta_accordion style=&#8221;flat&#8221; color=&#8221;sky&#8221; active_section=&#8221;#&#8221; no_fill=&#8221;true&#8221; collapsible_all=&#8221;true&#8221; title=&#8221;Tarifa: $172.300 COP&#8221;][vc_tta_section i_type=&#8221;typicons&#8221; i_icon_typicons=&#8221;typcn typcn-document-text&#8221; add_icon=&#8221;true&#8221; title=&#8221;Motocicleta de servicio particular&#8221; tab_id=&#8221;1554983553567-23cc4c60-612b&#8221;][vc_column_text]<\/p>\n<ul>\n<li>Factura de compra del veh\u00edculo con las improntas adheridas al respaldo.<\/li>\n<li>Certificaci\u00f3n individual de ADUANAS y\/o declaraci\u00f3n de importaci\u00f3n seg\u00fan sea el caso, donde conste las caracter\u00edsticas del veh\u00edculo y el n\u00famero de levante.<\/li>\n<\/ul>\n<p>[\/vc_column_text][\/vc_tta_section][\/vc_tta_accordion][vc_tta_accordion style=&#8221;flat&#8221; color=&#8221;sky&#8221; active_section=&#8221;#&#8221; no_fill=&#8221;true&#8221; collapsible_all=&#8221;true&#8221; title=&#8221;Tarifa: $193.700 COP&#8221;][vc_tta_section i_type=&#8221;typicons&#8221; i_icon_typicons=&#8221;typcn typcn-document-text&#8221; add_icon=&#8221;true&#8221; title=&#8221;Motocarro&#8221; tab_id=&#8221;1706284355634-5228ad35-8b6a&#8221;][vc_column_text]<\/p>\n<ul>\n<li>Declaraci\u00f3n de importaci\u00f3n, empadronamiento o manifiesto de aduana.<\/li>\n<li>Factura de venta con todos los datos del veh\u00edculo, del comprador y resoluci\u00f3n vigente de la DIAN.<\/li>\n<\/ul>\n<p>[\/vc_column_text][\/vc_tta_section][\/vc_tta_accordion][vc_tta_accordion style=&#8221;flat&#8221; color=&#8221;sky&#8221; active_section=&#8221;#&#8221; no_fill=&#8221;true&#8221; collapsible_all=&#8221;true&#8221; css=&#8221;.vc_custom_1683566728405{margin-top: 0px !important;}&#8221; title=&#8221;Tarifa: $Falta COP&#8221;][vc_tta_section i_type=&#8221;typicons&#8221; i_icon_typicons=&#8221;typcn typcn-document-text&#8221; add_icon=&#8221;true&#8221; title=&#8221;Veh\u00edculos de servicio p\u00fablico colectivo y\/o mixto (Microbus,bus,buseta)&#8221; tab_id=&#8221;1554984211014-056d1275-f2b3&#8243;][vc_column_text]<\/p>\n<ul>\n<li>Carta de aceptaci\u00f3n de la empresa especificando el cupo a reponer y el servicio que va a prestar.<\/li>\n<li>Carta solicitando la tarjeta de operaci\u00f3n.<\/li>\n<li>Ficha t\u00e9cnica de homologaci\u00f3n (chasis y carrocer\u00eda).<\/li>\n<li>Factura de compraventa.<\/li>\n<li>Copia del contrato de vinculaci\u00f3n de la empresa a la cual se encuentra afiliado.<\/li>\n<li>Declaraci\u00f3n de importaci\u00f3n o certificado individual de ADUANAS.<\/li>\n<\/ul>\n<p>[\/vc_column_text][\/vc_tta_section][\/vc_tta_accordion][vc_tta_accordion style=&#8221;flat&#8221; color=&#8221;sky&#8221; active_section=&#8221;#&#8221; no_fill=&#8221;true&#8221; collapsible_all=&#8221;true&#8221; css=&#8221;.vc_custom_1738188448130{margin-top: 0px !important;}&#8221; title=&#8221;Tarifa: $282.400 COP&#8221;][vc_tta_section i_type=&#8221;typicons&#8221; i_icon_typicons=&#8221;typcn typcn-document-text&#8221; add_icon=&#8221;true&#8221; title=&#8221;Veh\u00edculos con limitaci\u00f3n de dominio o prenda&#8221; tab_id=&#8221;1554983174550-9a5e03ef-eb17&#8243;][vc_column_text]<\/p>\n<ul>\n<li>Original y copia del contrato de prenda completamente diligenciado con las respectivas firmas del deudor y del acreedor. En este caso, no se requiere diligenciar otro formulario de solicitud de tr\u00e1mite y con un solo juego de improntas basta.<\/li>\n<\/ul>\n<p>[\/vc_column_text][\/vc_tta_section][\/vc_tta_accordion][vc_tta_accordion style=&#8221;flat&#8221; color=&#8221;sky&#8221; active_section=&#8221;#&#8221; no_fill=&#8221;true&#8221; collapsible_all=&#8221;true&#8221; css=&#8221;.vc_custom_1738188473180{margin-top: 0px !important;}&#8221; title=&#8221;Tarifa: $191.200 COP&#8221;][vc_tta_section i_type=&#8221;typicons&#8221; i_icon_typicons=&#8221;typcn typcn-document-text&#8221; add_icon=&#8221;true&#8221; title=&#8221;Motocicleta con limitaci\u00f3n de dominio o prenda&#8221; tab_id=&#8221;1554983714698-e7123143-44fc&#8221;][vc_column_text]<\/p>\n<ul>\n<li>Original y copia de contrato de prenda completamente diligenciado con las respectivas firmas del deudor y el acreedor. En este caso, no se requiere diligenciar otro formulario de solicitud de tr\u00e1mite y con un solo juego de improntas basta.<\/li>\n<\/ul>\n<p>[\/vc_column_text][\/vc_tta_section][\/vc_tta_accordion][vc_tta_accordion style=&#8221;flat&#8221; color=&#8221;sky&#8221; active_section=&#8221;#&#8221; no_fill=&#8221;true&#8221; collapsible_all=&#8221;true&#8221; css=&#8221;.vc_custom_1738188510103{margin-top: 0px !important;}&#8221; title=&#8221;Tarifa: $319.700 COP&#8221;][vc_tta_section i_type=&#8221;typicons&#8221; i_icon_typicons=&#8221;typcn typcn-document-text&#8221; add_icon=&#8221;true&#8221; title=&#8221;Motocarro con limitaci\u00f3n de dominio o prenda&#8221; tab_id=&#8221;1706283904780-33afbf21-3dd4&#8243;][vc_column_text]<\/p>\n<ul>\n<li>Original y copia de contrato de prenda completamente diligenciado con las respectivas firmas del deudor y el acreedor. En este caso, no se requiere diligenciar otro formulario de solicitud de tr\u00e1mite y con un solo juego de improntas basta.<\/li>\n<\/ul>\n<p>[\/vc_column_text][\/vc_tta_section][\/vc_tta_accordion][vc_tta_accordion style=&#8221;flat&#8221; color=&#8221;sky&#8221; active_section=&#8221;#&#8221; no_fill=&#8221;true&#8221; collapsible_all=&#8221;true&#8221; css=&#8221;.vc_custom_1738188547301{margin-top: 0px !important;}&#8221; title=&#8221;Tarifa: $109.200 COP&#8221;][vc_tta_section i_type=&#8221;typicons&#8221; i_icon_typicons=&#8221;typcn typcn-document-text&#8221; add_icon=&#8221;true&#8221; title=&#8221;Maquinaria agr\u00edcola con limitaci\u00f3n de dominio o prenda&#8221; tab_id=&#8221;1706283970776-fa697450-5913&#8243;][vc_column_text]<\/p>\n<ul>\n<li>Original y copia de contrato de prenda completamente diligenciado con las respectivas firmas del deudor y el acreedor. En este caso, no se requiere diligenciar otro formulario de solicitud de tr\u00e1mite y con un solo juego de improntas basta.<\/li>\n<\/ul>\n<p>[\/vc_column_text][\/vc_tta_section][\/vc_tta_accordion][vc_tta_accordion style=&#8221;flat&#8221; color=&#8221;sky&#8221; active_section=&#8221;#&#8221; no_fill=&#8221;true&#8221; collapsible_all=&#8221;true&#8221; css=&#8221;.vc_custom_1683566734887{margin-top: 0px !important;}&#8221; title=&#8221;Tarifa: $171.100 COP&#8221;][vc_tta_section i_type=&#8221;typicons&#8221; i_icon_typicons=&#8221;typcn typcn-document-text&#8221; add_icon=&#8221;true&#8221; title=&#8221;Individuales&#8221; tab_id=&#8221;1554984778782-7ac8aede-8df2&#8243;][vc_column_text]<\/p>\n<ul>\n<li>Carta de aceptaci\u00f3n de la empresa especificando el cupo a reponer.<\/li>\n<li>Solicitud de tarjeta de operaci\u00f3n.<\/li>\n<li>Factura de compraventa.<\/li>\n<li>Declaraci\u00f3n de importaci\u00f3n o certificado individual de ADUANAS.<\/li>\n<li>Ficha t\u00e9cnica de homologaci\u00f3n de veh\u00edculo.<\/li>\n<li>Si se trata de una reposici\u00f3n debe validarse que no haya transcurrido dos a\u00f1os.<\/li>\n<\/ul>\n<p>[\/vc_column_text][\/vc_tta_section][\/vc_tta_accordion][vc_tta_accordion style=&#8221;flat&#8221; color=&#8221;sky&#8221; active_section=&#8221;#&#8221; no_fill=&#8221;true&#8221; collapsible_all=&#8221;true&#8221; css=&#8221;.vc_custom_1769120964579{margin-top: 0px !important;}&#8221; title=&#8221;Tarifa: $180.600 COP&#8221;][vc_tta_section i_type=&#8221;typicons&#8221; i_icon_typicons=&#8221;typcn typcn-document-text&#8221; add_icon=&#8221;true&#8221; title=&#8221;Veh\u00edculo de carga&#8221; tab_id=&#8221;1554985092761-aa005ca1-c8ba&#8221;][vc_column_text]<\/p>\n<ul>\n<li>Factura de compraventa.<\/li>\n<li>Carta de aceptaci\u00f3n de la empresa especificando el cupo a reponer.<\/li>\n<li>Carta de no afiliaci\u00f3n en caso de no pertenecer a ninguna empresa.<\/li>\n<li>Ficha t\u00e9cnica de homologaci\u00f3n (chasis y carrocer\u00eda).<\/li>\n<li>Cumplimiento de requisitos emitidos por el Ministerio de Transporte, en caso de que sea un veh\u00edculo con capacidad de carga superior a 10.500 kilogramos.<\/li>\n<\/ul>\n<p>[\/vc_column_text][\/vc_tta_section][\/vc_tta_accordion][vc_tta_accordion style=&#8221;flat&#8221; color=&#8221;sky&#8221; active_section=&#8221;#&#8221; no_fill=&#8221;true&#8221; collapsible_all=&#8221;true&#8221; css=&#8221;.vc_custom_1683566747684{margin-top: 0px !important;}&#8221; title=&#8221;Tarifa: $171.100 COP&#8221;][vc_tta_section i_type=&#8221;typicons&#8221; i_icon_typicons=&#8221;typcn typcn-document-text&#8221; add_icon=&#8221;true&#8221; title=&#8221;Veh\u00edculos blindados&#8221; tab_id=&#8221;1554985371962-c45d3dfd-a0d2&#8243;][vc_column_text]<\/p>\n<ul>\n<li>Resoluci\u00f3n expedida por la Superintendencia de Vigilancia y Seguridad Privada, en la que se autoriza el uso del blindaje excepto para veh\u00edculos blindados en nivel 1 y 2.<\/li>\n<li>Certificado del blindaje expedido por la empresa blindadora, la cual debe estar registrada en la Superintendencia de Vigilancia y Seguridad Privada.<\/li>\n<\/ul>\n<p>[\/vc_column_text][\/vc_tta_section][\/vc_tta_accordion][vc_tta_accordion style=&#8221;flat&#8221; color=&#8221;sky&#8221; active_section=&#8221;#&#8221; no_fill=&#8221;true&#8221; collapsible_all=&#8221;true&#8221; css=&#8221;.vc_custom_1769120943443{margin-top: 0px !important;}&#8221; title=&#8221;Tarifa: $180.600 COP&#8221;][vc_tta_section i_type=&#8221;typicons&#8221; i_icon_typicons=&#8221;typcn typcn-document-text&#8221; add_icon=&#8221;true&#8221; title=&#8221;Rematados por entidades del Estado&#8221; tab_id=&#8221;1554985550883-51c32a1e-bb2d&#8221;][vc_column_text]<\/p>\n<ul>\n<li>Original del acta de adjudicaci\u00f3n o documento expedido por la entidad adjudicadora, donde conste la procedencia y caracter\u00edsticas del veh\u00edculo. En tal caso la entidad que remata o adjudica el automotor expedir\u00e1 un acta por cada veh\u00edculo y solo podr\u00e1n ser matriculados en servicio particular.<\/li>\n<\/ul>\n<p>[\/vc_column_text][\/vc_tta_section][\/vc_tta_accordion][\/vc_column][\/vc_row][vc_row][vc_column offset=&#8221;vc_col-lg-offset-2 vc_col-lg-8 vc_col-md-offset-1 vc_col-md-6&#8243;][vc_empty_space height=&#8221;70px&#8221;][vc_column_text css=&#8221;.vc_custom_1556221488646{margin-bottom: 5px !important;}&#8221;]<\/p>\n<p style=\"text-align: center; color: #1b1b1b; font-size: 20px;\">Para la realizaci\u00f3n de cualquier tr\u00e1mite del Registro Municipal Automotor, se debe cumplir con los siguientes requisitos generales:<\/p>\n<p>[\/vc_column_text][vc_separator color=&#8221;custom&#8221; border_width=&#8221;3&#8243; el_width=&#8221;10&#8243; accent_color=&#8221;#e62a4b&#8221; css=&#8221;.vc_custom_1554308847762{margin-top: 0px !important;border-top-width: 0px !important;padding-top: 0px !important;}&#8221;][\/vc_column][\/vc_row][vc_row full_width=&#8221;stretch_row_content&#8221; bg_type=&#8221;bg_color&#8221; bg_override=&#8221;9&#8243; css=&#8221;.vc_custom_1554324707701{margin-top: 50px !important;padding-right: 20px !important;padding-left: 20px !important;background-color: #f4f4f4 !important;background-position: center !important;background-repeat: no-repeat !important;background-size: cover !important;}&#8221; bg_color_value=&#8221;#f4f4f4&#8243;][vc_column width=&#8221;1\/2&#8243;][vc_empty_space height=&#8221;40px&#8221;][vc_tta_accordion style=&#8221;flat&#8221; color=&#8221;sky&#8221; active_section=&#8221;1&#8243; no_fill=&#8221;true&#8221; css=&#8221;.vc_custom_1554310842482{margin-top: 0px !important;}&#8221; title=&#8221;Documentos&#8221;][vc_tta_section i_type=&#8221;typicons&#8221; i_icon_typicons=&#8221;typcn typcn-document-text&#8221; add_icon=&#8221;true&#8221; title=&#8221;Autorizaci\u00f3n a Terceros o Contrato de Mandato&#8221; tab_id=&#8221;1738187908613-f6ff4005-7db4&#8243;][vc_column_text]<span style=\"font-weight: 400;\">Documento donde firma y plasma huella el propietario del veh\u00edculo autorizando a un tercero la realizaci\u00f3n del tr\u00e1mite. <\/span>[\/vc_column_text][\/vc_tta_section][vc_tta_section i_type=&#8221;typicons&#8221; i_icon_typicons=&#8221;typcn typcn-document-text&#8221; add_icon=&#8221;true&#8221; title=&#8221;Formulario \u00danico de Solicitud de Tr\u00e1mites&#8221; tab_id=&#8221;1554305843573-7354c557-ec3f&#8221;][vc_column_text]<\/p>\n<p style=\"text-align: left;\"><span style=\"font-weight: 400;\">Formulario donde se registra la solicitud de tr\u00e1mite que se va a realiza. Debe estar completamente diligenciado con firmas y huellas de las personas involucradas en el tr\u00e1mite, no debe tener enmendaduras ni tachones.<\/span><\/p>\n<p>[\/vc_column_text][\/vc_tta_section][vc_tta_section i_type=&#8221;typicons&#8221; i_icon_typicons=&#8221;typcn typcn-document-text&#8221; add_icon=&#8221;true&#8221; title=&#8221;Improntas&#8221; tab_id=&#8221;1554305843573-6a8941cc-e1e5&#8243;][vc_column_text]Se deben adherir las improntas al documento principal del tr\u00e1mite. En caso que sea imposible tomarlas, se debe anexar certificaci\u00f3n de la DIJIN o de la entidad competente seg\u00fan sea el caso.[\/vc_column_text][\/vc_tta_section][vc_tta_section i_type=&#8221;typicons&#8221; i_icon_typicons=&#8221;typcn typcn-document-text&#8221; add_icon=&#8221;true&#8221; title=&#8221;Matr\u00edcula Original del Veh\u00edculo&#8221; tab_id=&#8221;1554309645126-7edcfba3-2b87&#8243;][vc_column_text]Si no la tiene, deber\u00e1 anexar la denuncia por p\u00e9rdida.[\/vc_column_text][\/vc_tta_section][vc_tta_section i_type=&#8221;typicons&#8221; i_icon_typicons=&#8221;typcn typcn-document-text&#8221; add_icon=&#8221;true&#8221; title=&#8221;Paz y Salvo de Impuestos&#8221; tab_id=&#8221;1554309642344-9468e8a0-2e57&#8243;][vc_column_text]Al momento de realizar el tr\u00e1mite debe estar a paz y salvo con sus impuestos, tanto en los veh\u00edculos de servicio particular como los veh\u00edculos de servicio p\u00fablico.[\/vc_column_text][\/vc_tta_section][vc_tta_section i_type=&#8221;typicons&#8221; i_icon_typicons=&#8221;typcn typcn-document-text&#8221; add_icon=&#8221;true&#8221; title=&#8221;Pago de derechos del tr\u00e1mite&#8221; tab_id=&#8221;1554309657446-575448a6-48a2&#8243;][vc_column_text]Cancelar los derechos del respectivo tr\u00e1mite (tanto los municipales como los nacionales).[\/vc_column_text][\/vc_tta_section][vc_tta_section i_type=&#8221;typicons&#8221; i_icon_typicons=&#8221;typcn typcn-document-text&#8221; add_icon=&#8221;true&#8221; title=&#8221;Inscripci\u00f3n en el RUNT&#8221; tab_id=&#8221;1554309655584-997b0aad-d2c5&#8243;][vc_column_text]Deben estar inscritos en el RUNT todas las personas naturales o jur\u00eddicas que intervienen en el tr\u00e1mite.[\/vc_column_text][\/vc_tta_section][vc_tta_section i_type=&#8221;typicons&#8221; i_icon_typicons=&#8221;typcn typcn-document-text&#8221; add_icon=&#8221;true&#8221; title=&#8221;Paz y Salvo de MuItas e Infracciones de Tr\u00e1nsito&#8221; tab_id=&#8221;1554309653534-4d19ffcd-d96b&#8221;][vc_column_text]<span style=\"font-weight: 400;\">Al momento de realizar el tr\u00e1mite debe estar a paz y salvo con sus multas e infracciones de tr\u00e1nsito en caso de tenerlas.<\/span>[\/vc_column_text][\/vc_tta_section][vc_tta_section i_type=&#8221;typicons&#8221; i_icon_typicons=&#8221;typcn typcn-document-text&#8221; add_icon=&#8221;true&#8221; title=&#8221;SOAT y Revisi\u00f3n T\u00e9cnico-Mec\u00e1nica&#8221; tab_id=&#8221;1554909398134-7f21a0d5-d6fd&#8221;][vc_column_text]Validaci\u00f3n a trav\u00e9s del sistema RUNT de la vigencia del SOAT y de la Revisi\u00f3n T\u00e9cnico-Mec\u00e1nica.[\/vc_column_text][\/vc_tta_section][\/vc_tta_accordion][\/vc_column][vc_column width=&#8221;1\/2&#8243; css=&#8221;.vc_custom_1554310166105{margin-top: 30px !important;}&#8221;][vc_single_image image=&#8221;12994&#8243; img_size=&#8221;full&#8221; style=&#8221;vc_box_rounded&#8221;][\/vc_column][\/vc_row]<\/p>\n","protected":false},"excerpt":{"rendered":"<p>[vc_row][vc_column offset=&#8221;vc_col-lg-offset-2 vc_col-lg-8 vc_col-md-offset-1 vc_col-md-10&#8243;][vc_empty_space height=&#8221;50px&#8221;][vc_column_text css=&#8221;.vc_custom_1556219549976{margin-bottom: 5px !important;}&#8221;] Documentos y requisitos espec\u00edficos para el tr\u00e1mite de matr\u00edcula inicial: [\/vc_column_text][vc_separator color=&#8221;custom&#8221; border_width=&#8221;3&#8243; el_width=&#8221;10&#8243; accent_color=&#8221;#e62a4b&#8221; css=&#8221;.vc_custom_1554308847762{margin-top: 0px !important;border-top-width: 0px !important;padding-top: 0px&#8230;<\/p>\n","protected":false},"author":4,"featured_media":0,"parent":0,"menu_order":0,"comment_status":"closed","ping_status":"closed","template":"","meta":{"pgc_meta":""},"pgc_meta":"","_links":{"self":[{"href":"https:\/\/movilidad.rionegro.gov.co\/web\/wp-json\/wp\/v2\/pages\/12481"}],"collection":[{"href":"https:\/\/movilidad.rionegro.gov.co\/web\/wp-json\/wp\/v2\/pages"}],"about":[{"href":"https:\/\/movilidad.rionegro.gov.co\/web\/wp-json\/wp\/v2\/types\/page"}],"author":[{"embeddable":true,"href":"https:\/\/movilidad.rionegro.gov.co\/web\/wp-json\/wp\/v2\/users\/4"}],"replies":[{"embeddable":true,"href":"https:\/\/movilidad.rionegro.gov.co\/web\/wp-json\/wp\/v2\/comments?post=12481"}],"version-history":[{"count":71,"href":"https:\/\/movilidad.rionegro.gov.co\/web\/wp-json\/wp\/v2\/pages\/12481\/revisions"}],"predecessor-version":[{"id":14009,"href":"https:\/\/movilidad.rionegro.gov.co\/web\/wp-json\/wp\/v2\/pages\/12481\/revisions\/14009"}],"wp:attachment":[{"href":"https:\/\/movilidad.rionegro.gov.co\/web\/wp-json\/wp\/v2\/media?parent=12481"}],"curies":[{"name":"wp","href":"https:\/\/api.w.org\/{rel}","templated":true}]}}