{"id":2190,"date":"2016-05-06T13:06:34","date_gmt":"2016-05-06T13:06:34","guid":{"rendered":"http:\/\/melinda.themes.redbrush.ru\/?page_id=2190"},"modified":"2023-05-08T15:21:47","modified_gmt":"2023-05-08T20:21:47","slug":"normatividad-nacional","status":"publish","type":"page","link":"https:\/\/movilidad.rionegro.gov.co\/web\/normatividad-nacional\/","title":{"rendered":"Nacional"},"content":{"rendered":"<p>[vc_row css=&#8221;.vc_custom_1554327140412{margin-top: 100px !important;margin-bottom: 100px !important;}&#8221;][vc_column][vc_column_text css=&#8221;.vc_custom_1555434173429{margin-right: 200px !important;margin-bottom: 0px !important;margin-left: 200px !important;border-right-width: 0px !important;border-bottom-width: 0px !important;border-left-width: 0px !important;padding-right: 10px !important;padding-bottom: 0px !important;padding-left: 10px !important;}&#8221;]<\/p>\n<p style=\"text-align: center; color: #1b1b1b; font-size: 20px;\">A continuaci\u00f3n encontrar\u00e1 toda la documentaci\u00f3n que soporta nuestra labor y procesos a nivel nacional. Si le interesa conocer en detalle alg\u00fan decreto o resoluci\u00f3n puede hacer clic sobre el respectivo archivo y descargarlo.<\/p>\n<p>[\/vc_column_text][vc_separator color=&#8221;custom&#8221; border_width=&#8221;3&#8243; el_width=&#8221;10&#8243; accent_color=&#8221;#e62a4b&#8221; css=&#8221;.vc_custom_1554327469555{margin-top: 0px !important;border-top-width: 0px !important;padding-top: 0px !important;}&#8221;][\/vc_column][\/vc_row][vc_row][vc_column width=&#8221;1\/4&#8243;]<div class=\"uavc-list-icon uavc-list-icon-wrapper ult-adjust-bottom-margin   vc_custom_1554397885131  vc_custom_1554397885131\"><ul class=\"uavc-list\"><li><div class=\"uavc-list-content\" id=\"list-icon-wrap-5484\">\n<div class=\"uavc-list-icon  \" data-animation=\"\" data-animation-delay=\"03\" style=\"margin-right:20px;\"><div class=\"ult-just-icon-wrapper  \"><div class=\"align-icon\" style=\"text-align:center;\">\n<div class=\"aio-icon circle \"  style=\"color:#204571;background:#eaeaea;font-size:30px;display:inline-block;\">\n\t<i class=\"Defaults-file-pdf-o\"><\/i>\n<\/div><\/div><\/div>\n<\/div><span  data-ultimate-target='#list-icon-wrap-5484 .uavc-list-desc'  data-responsive-json-new='{\"font-size\":\"\",\"line-height\":\"\"}'  class=\"uavc-list-desc ult-responsive\" style=\"\"><\/p>\n<h6>Resoluci\u00f3n 3718 de 2018<\/h6>\n<p>Se facult\u00f3 a las autoridades locales para establecer las zonas de parqueo necesarias para que los veh\u00edculos clase taxi ofrezcan un servicio oportuno, accesible y eficiente a los usuarios del Aeropuerto Jos\u00e9 Mar\u00eda C\u00f3rdova.<\/p>\n<p style=\"text-align: left;\"><a href=\"\/web\/wp-content\/uploads\/2019\/04\/Resolucion3718-modifica-0232.pdf\" target=\"_blank\" rel=\"noopener\">Ver m\u00e1s<\/a><\/p>\n<p><\/span><\/div><\/li><li><div class=\"uavc-list-content\" id=\"list-icon-wrap-4709\">\n<div class=\"uavc-list-icon  \" data-animation=\"\" data-animation-delay=\"03\" style=\"margin-right:20px;\"><div class=\"ult-just-icon-wrapper  \"><div class=\"align-icon\" style=\"text-align:center;\">\n<div class=\"aio-icon circle \"  style=\"color:#204571;background:#eaeaea;font-size:30px;display:inline-block;\">\n\t<i class=\"Defaults-file-pdf-o\"><\/i>\n<\/div><\/div><\/div>\n<\/div><span  data-ultimate-target='#list-icon-wrap-4709 .uavc-list-desc'  data-responsive-json-new='{\"font-size\":\"\",\"line-height\":\"\"}'  class=\"uavc-list-desc ult-responsive\" style=\"\"><\/p>\n<h6>Resoluci\u00f3n 4350 de 1998<\/h6>\n<p style=\"text-align: left;\">Por la cual se establece la metodolog\u00eda para la elaboraci\u00f3n de los estudios de costos que sirven de base para la fijaci\u00f3n de las tarifas del transporte p\u00fablico municipal, distrital y\/o metropolitano de pasajeros y\/o mixto.<\/p>\n<p style=\"text-align: left;\"><a href=\"\/web\/wp-content\/uploads\/2019\/04\/RES_4350_1998_METODOLOG\u00cdA-ESTUDIO-DE-COSTOS-TARIFA.pdf\" target=\"_blank\" rel=\"noopener\">Ver m\u00e1s<\/a><\/p>\n<p><\/span><\/div><\/li><li><div class=\"uavc-list-content\" id=\"list-icon-wrap-1879\">\n<div class=\"uavc-list-icon  \" data-animation=\"\" data-animation-delay=\"03\" style=\"margin-right:20px;\"><div class=\"ult-just-icon-wrapper  \"><div class=\"align-icon\" style=\"text-align:center;\">\n<div class=\"aio-icon circle \"  style=\"color:#204571;background:#eaeaea;font-size:30px;display:inline-block;\">\n\t<i class=\"Defaults-file-pdf-o\"><\/i>\n<\/div><\/div><\/div>\n<\/div><span  data-ultimate-target='#list-icon-wrap-1879 .uavc-list-desc'  data-responsive-json-new='{\"font-size\":\"\",\"line-height\":\"\"}'  class=\"uavc-list-desc ult-responsive\" style=\"\"><\/p>\n<h6>Decreto 170 de 2001<\/h6>\n<p style=\"text-align: left;\">Por el cual se reglamenta el Servicio P\u00fablico de Transporte Terrestre Automotor Colectivo Metropolitano, Distrital y Municipal de Pasajeros.<\/p>\n<p style=\"text-align: left;\"><a href=\"https:\/\/10.240.8.148\/web\/wp-content\/uploads\/2019\/04\/Decreto_170_2001-3.pdf\" target=\"_blank\" rel=\"noopener\">Ver m\u00e1s<\/a><\/p>\n<p><\/span><\/div><\/li><\/ul><\/div>[\/vc_column][vc_column width=&#8221;1\/4&#8243;]<div class=\"uavc-list-icon uavc-list-icon-wrapper ult-adjust-bottom-margin   vc_custom_1554397885131  vc_custom_1554397885131\"><ul class=\"uavc-list\"><li><div class=\"uavc-list-content\" id=\"list-icon-wrap-7850\">\n<div class=\"uavc-list-icon  \" data-animation=\"\" data-animation-delay=\"03\" style=\"margin-right:20px;\"><div class=\"ult-just-icon-wrapper  \"><div class=\"align-icon\" style=\"text-align:center;\">\n<div class=\"aio-icon circle \"  style=\"color:#204571;background:#eaeaea;font-size:30px;display:inline-block;\">\n\t<i class=\"Defaults-file-pdf-o\"><\/i>\n<\/div><\/div><\/div>\n<\/div><span  data-ultimate-target='#list-icon-wrap-7850 .uavc-list-desc'  data-responsive-json-new='{\"font-size\":\"\",\"line-height\":\"\"}'  class=\"uavc-list-desc ult-responsive\" style=\"\"><\/p>\n<h6>Resoluci\u00f3n 10800 de 2003<\/h6>\n<p style=\"text-align: left;\">Por la cual se reglamenta el formato para el Informe de Infracciones de Transporte.<\/p>\n<p style=\"text-align: left;\"><a href=\"\/web\/wp-content\/uploads\/2019\/04\/Resolucion-10800-del-12-12-2003.pdf\" target=\"_blank\" rel=\"noopener\">Ver m\u00e1s<\/a><\/p>\n<p><\/span><\/div><\/li><li><div class=\"uavc-list-content\" id=\"list-icon-wrap-1946\">\n<div class=\"uavc-list-icon  \" data-animation=\"\" data-animation-delay=\"03\" style=\"margin-right:20px;\"><div class=\"ult-just-icon-wrapper  \"><div class=\"align-icon\" style=\"text-align:center;\">\n<div class=\"aio-icon circle \"  style=\"color:#204571;background:#eaeaea;font-size:30px;display:inline-block;\">\n\t<i class=\"Defaults-file-pdf-o\"><\/i>\n<\/div><\/div><\/div>\n<\/div><span  data-ultimate-target='#list-icon-wrap-1946 .uavc-list-desc'  data-responsive-json-new='{\"font-size\":\"\",\"line-height\":\"\"}'  class=\"uavc-list-desc ult-responsive\" style=\"\"><\/p>\n<h6>Ley 336 de 1996<\/h6>\n<p style=\"text-align: left;\">Por la cual se adopta el Estatuto Nacional de Transporte.<\/p>\n<p style=\"text-align: left;\"><a href=\"\/web\/wp-content\/uploads\/2019\/04\/LEY-336-DE-1996.pdf\" target=\"_blank\" rel=\"noopener\">Ver m\u00e1s<\/a><\/p>\n<p><\/span><\/div><\/li><li><div class=\"uavc-list-content\" id=\"list-icon-wrap-1476\">\n<div class=\"uavc-list-icon  \" data-animation=\"\" data-animation-delay=\"03\" style=\"margin-right:20px;\"><div class=\"ult-just-icon-wrapper  \"><div class=\"align-icon\" style=\"text-align:center;\">\n<div class=\"aio-icon circle \"  style=\"color:#204571;background:#eaeaea;font-size:30px;display:inline-block;\">\n\t<i class=\"Defaults-file-pdf-o\"><\/i>\n<\/div><\/div><\/div>\n<\/div><span  data-ultimate-target='#list-icon-wrap-1476 .uavc-list-desc'  data-responsive-json-new='{\"font-size\":\"\",\"line-height\":\"\"}'  class=\"uavc-list-desc ult-responsive\" style=\"\"><\/p>\n<h6>Decreto 80 de 1987<\/h6>\n<p style=\"text-align: left;\">Por el cual se asignan unas funciones a los municipios en relaci\u00f3n con el transporte urbano.<\/p>\n<p style=\"text-align: left;\"><a href=\"\/web\/wp-content\/uploads\/2019\/04\/DECRETO_80_1987.pdf\" target=\"_blank\" rel=\"noopener\">Ver m\u00e1s<\/a><\/p>\n<p><\/span><\/div><\/li><\/ul><\/div>[\/vc_column][vc_column width=&#8221;1\/4&#8243;]<div class=\"uavc-list-icon uavc-list-icon-wrapper ult-adjust-bottom-margin   vc_custom_1554397885131  vc_custom_1554397885131\"><ul class=\"uavc-list\"><li><div class=\"uavc-list-content\" id=\"list-icon-wrap-2552\">\n<div class=\"uavc-list-icon  \" data-animation=\"\" data-animation-delay=\"03\" style=\"margin-right:20px;\"><div class=\"ult-just-icon-wrapper  \"><div class=\"align-icon\" style=\"text-align:center;\">\n<div class=\"aio-icon circle \"  style=\"color:#204571;background:#eaeaea;font-size:30px;display:inline-block;\">\n\t<i class=\"Defaults-file-pdf-o\"><\/i>\n<\/div><\/div><\/div>\n<\/div><span  data-ultimate-target='#list-icon-wrap-2552 .uavc-list-desc'  data-responsive-json-new='{\"font-size\":\"\",\"line-height\":\"\"}'  class=\"uavc-list-desc ult-responsive\" style=\"\"><\/p>\n<h6>Resoluci\u00f3n 3199 de 1999<\/h6>\n<p style=\"text-align: left;\">Por la cual se establecen condiciones especiales para los veh\u00edculos clase autom\u00f3vil y clase camioneta doble cabina con plat\u00f3n, destinados a la prestaci\u00f3n del servicio p\u00fablico de transporte.<\/p>\n<p style=\"text-align: left;\"><a href=\"\/web\/wp-content\/uploads\/2019\/04\/RESOLUCI\u00d3N-3199-DE-1999.pdf\" target=\"_blank\" rel=\"noopener\">Ver m\u00e1s<\/a><\/p>\n<p><\/span><\/div><\/li><li><div class=\"uavc-list-content\" id=\"list-icon-wrap-2931\">\n<div class=\"uavc-list-icon  \" data-animation=\"\" data-animation-delay=\"03\" style=\"margin-right:20px;\"><div class=\"ult-just-icon-wrapper  \"><div class=\"align-icon\" style=\"text-align:center;\">\n<div class=\"aio-icon circle \"  style=\"color:#204571;background:#eaeaea;font-size:30px;display:inline-block;\">\n\t<i class=\"Defaults-file-pdf-o\"><\/i>\n<\/div><\/div><\/div>\n<\/div><span  data-ultimate-target='#list-icon-wrap-2931 .uavc-list-desc'  data-responsive-json-new='{\"font-size\":\"\",\"line-height\":\"\"}'  class=\"uavc-list-desc ult-responsive\" style=\"\"><\/p>\n<h6>Ley 105 de 1993<\/h6>\n<p style=\"text-align: left;\">Por la cual se dictan disposiciones b\u00e1sicas sobre el transporte, se redistribuyen competencias y recursos entre la Naci\u00f3n y las Entidades Territoriales, se reglamenta la planeaci\u00f3n en el sector transporte y se dictan otras disposiciones.<\/p>\n<p style=\"text-align: left;\"><a href=\"\/web\/wp-content\/uploads\/2019\/04\/LEY-105-DE-1993.pdf\" target=\"_blank\" rel=\"noopener\">Ver m\u00e1s<\/a><\/p>\n<p><\/span><\/div><\/li><li><div class=\"uavc-list-content\" id=\"list-icon-wrap-6051\">\n<div class=\"uavc-list-icon  \" data-animation=\"\" data-animation-delay=\"03\" style=\"margin-right:20px;\"><div class=\"ult-just-icon-wrapper  \"><div class=\"align-icon\" style=\"text-align:center;\">\n<div class=\"aio-icon circle \"  style=\"color:#204571;background:#eaeaea;font-size:30px;display:inline-block;\">\n\t<i class=\"Defaults-file-pdf-o\"><\/i>\n<\/div><\/div><\/div>\n<\/div><span  data-ultimate-target='#list-icon-wrap-6051 .uavc-list-desc'  data-responsive-json-new='{\"font-size\":\"\",\"line-height\":\"\"}'  class=\"uavc-list-desc ult-responsive\" style=\"\"><\/p>\n<h6>Decreto 1079 de 2015<\/h6>\n<p style=\"text-align: left;\">Por medio del cual se expide el Decreto \u00danico Reglamentario del Sector Transporte.<\/p>\n<p style=\"text-align: left;\"><a href=\"\/web\/wp-content\/uploads\/2019\/04\/DECRETO-1079-DE-2015-Mayo-23-de-2018-3.pdf\" target=\"_blank\" rel=\"noopener\">Ver m\u00e1s<\/a><\/p>\n<p><\/span><\/div><\/li><\/ul><\/div>[\/vc_column][vc_column width=&#8221;1\/4&#8243;]<div class=\"uavc-list-icon uavc-list-icon-wrapper ult-adjust-bottom-margin   vc_custom_1554397885131  vc_custom_1554397885131\"><ul class=\"uavc-list\"><li><div class=\"uavc-list-content\" id=\"list-icon-wrap-9829\">\n<div class=\"uavc-list-icon  \" data-animation=\"\" data-animation-delay=\"03\" style=\"margin-right:20px;\"><div class=\"ult-just-icon-wrapper  \"><div class=\"align-icon\" style=\"text-align:center;\">\n<div class=\"aio-icon circle \"  style=\"color:#204571;background:#eaeaea;font-size:30px;display:inline-block;\">\n\t<i class=\"Defaults-file-pdf-o\"><\/i>\n<\/div><\/div><\/div>\n<\/div><span  data-ultimate-target='#list-icon-wrap-9829 .uavc-list-desc'  data-responsive-json-new='{\"font-size\":\"\",\"line-height\":\"\"}'  class=\"uavc-list-desc ult-responsive\" style=\"\"><\/p>\n<h6>Resoluci\u00f3n 000232 del 2000<\/h6>\n<p style=\"text-align: left;\">Por la cual se decide el Recurso de Apelaci\u00f3n interpuesto contra la Resoluci\u00f3n 371 del 23 de septiembre de 1999 por el apoderado de las empresas R\u00e1pido Medell\u00edn Rionegro S.A. y Flota C\u00f3rdova Rionegro y C\u00eda. S.C.A.1 el Gerente de la empresa Transportes Unidos La Ceja Ltda. y C\u00eda. S.C.A. y el apoderado del municipio de Rionegro.<\/p>\n<p style=\"text-align: left;\"><a href=\"\/web\/wp-content\/uploads\/2019\/04\/Resoluci\u00f3n-0232-de-2000.pdf\" target=\"_blank\" rel=\"noopener\">Ver m\u00e1s<\/a><\/p>\n<p><\/span><\/div><\/li><li><div class=\"uavc-list-content\" id=\"list-icon-wrap-1610\">\n<div class=\"uavc-list-icon  \" data-animation=\"\" data-animation-delay=\"03\" style=\"margin-right:20px;\"><div class=\"ult-just-icon-wrapper  \"><div class=\"align-icon\" style=\"text-align:center;\">\n<div class=\"aio-icon circle \"  style=\"color:#204571;background:#eaeaea;font-size:30px;display:inline-block;\">\n\t<i class=\"Defaults-file-pdf-o\"><\/i>\n<\/div><\/div><\/div>\n<\/div><span  data-ultimate-target='#list-icon-wrap-1610 .uavc-list-desc'  data-responsive-json-new='{\"font-size\":\"\",\"line-height\":\"\"}'  class=\"uavc-list-desc ult-responsive\" style=\"\"><\/p>\n<h6>Decreto 172 de 2001<\/h6>\n<p style=\"text-align: left;\">Por el cual se reglamenta el Servicio P\u00fablico de Transporte Terrestre Automotor Individual de Pasajeros en Veh\u00edculos Taxi.<\/p>\n<p style=\"text-align: left;\"><a href=\"https:\/\/10.240.8.148\/web\/wp-content\/uploads\/2019\/04\/Decreto_172_2001.pdf\" target=\"_blank\" rel=\"noopener\">Ver m\u00e1s<\/a><\/p>\n<p><\/span><\/div><\/li><li><div class=\"uavc-list-content\" id=\"list-icon-wrap-8717\">\n<div class=\"uavc-list-icon  \" data-animation=\"\" data-animation-delay=\"03\" style=\"margin-right:20px;\"><div class=\"ult-just-icon-wrapper  \"><div class=\"align-icon\" style=\"text-align:center;\">\n<div class=\"aio-icon circle \"  style=\"color:#204571;background:#eaeaea;font-size:30px;display:inline-block;\">\n\t<i class=\"Defaults-file-pdf-o\"><\/i>\n<\/div><\/div><\/div>\n<\/div><span  data-ultimate-target='#list-icon-wrap-8717 .uavc-list-desc'  data-responsive-json-new='{\"font-size\":\"\",\"line-height\":\"\"}'  class=\"uavc-list-desc ult-responsive\" style=\"\"><\/p>\n<h6>Resoluci\u00f3n 3246 de 2018<\/h6>\n<p style=\"text-align: left;\">Por la cual se reglamenta la instalaci\u00f3n y uso obligatorio de cintas retrorreflectivas.<\/p>\n<p style=\"text-align: left;\"><a href=\"\/web\/wp-content\/uploads\/2019\/04\/3246-2018-MinTransporte-Uso-de-Cintas-Autorreflectivas.pdf\" target=\"_blank\" rel=\"noopener\">Ver m\u00e1s<\/a><\/p>\n<p><\/span><\/div><\/li><\/ul><\/div>[\/vc_column][\/vc_row]<\/p>\n","protected":false},"excerpt":{"rendered":"<p>[vc_row css=&#8221;.vc_custom_1554327140412{margin-top: 100px !important;margin-bottom: 100px !important;}&#8221;][vc_column][vc_column_text css=&#8221;.vc_custom_1555434173429{margin-right: 200px !important;margin-bottom: 0px !important;margin-left: 200px !important;border-right-width: 0px !important;border-bottom-width: 0px !important;border-left-width: 0px !important;padding-right: 10px !important;padding-bottom: 0px !important;padding-left: 10px !important;}&#8221;] A continuaci\u00f3n encontrar\u00e1 toda la&#8230;<\/p>\n","protected":false},"author":4,"featured_media":0,"parent":0,"menu_order":0,"comment_status":"closed","ping_status":"closed","template":"","meta":{"pgc_meta":""},"pgc_meta":"","_links":{"self":[{"href":"https:\/\/movilidad.rionegro.gov.co\/web\/wp-json\/wp\/v2\/pages\/2190"}],"collection":[{"href":"https:\/\/movilidad.rionegro.gov.co\/web\/wp-json\/wp\/v2\/pages"}],"about":[{"href":"https:\/\/movilidad.rionegro.gov.co\/web\/wp-json\/wp\/v2\/types\/page"}],"author":[{"embeddable":true,"href":"https:\/\/movilidad.rionegro.gov.co\/web\/wp-json\/wp\/v2\/users\/4"}],"replies":[{"embeddable":true,"href":"https:\/\/movilidad.rionegro.gov.co\/web\/wp-json\/wp\/v2\/comments?post=2190"}],"version-history":[{"count":38,"href":"https:\/\/movilidad.rionegro.gov.co\/web\/wp-json\/wp\/v2\/pages\/2190\/revisions"}],"predecessor-version":[{"id":13591,"href":"https:\/\/movilidad.rionegro.gov.co\/web\/wp-json\/wp\/v2\/pages\/2190\/revisions\/13591"}],"wp:attachment":[{"href":"https:\/\/movilidad.rionegro.gov.co\/web\/wp-json\/wp\/v2\/media?parent=2190"}],"curies":[{"name":"wp","href":"https:\/\/api.w.org\/{rel}","templated":true}]}}